{"id":9466,"date":"2018-06-25T15:12:30","date_gmt":"2018-06-25T18:12:30","guid":{"rendered":"http:\/\/sitenovo.terrenosnaflorida.com\/parceiros\/"},"modified":"2020-07-08T08:24:03","modified_gmt":"2020-07-08T11:24:03","slug":"socios","status":"publish","type":"page","link":"https:\/\/terrenosnaflorida.com\/es\/socios\/","title":{"rendered":"Nuestros Socios"},"content":{"rendered":"<p>[vc_row equal_height=\u00bbyes\u00bb content_placement=\u00bbmiddle\u00bb][vc_column width=\u00bb1\/2&#8243; css=\u00bb.vc_custom_1531835519475{margin-top: 15px !important;margin-right: 15px !important;margin-bottom: 15px !important;margin-left: 15px !important;background-color: #f2f2f2 !important;}\u00bb][vc_column_text]<\/p>\n<h3><span style=\"text-decoration: underline;\"><span style=\"color: #333333; font-family: arial, helvetica, sans-serif;\"><strong>GLOBAL UNITED NEG\u00d3CIOS IMOBILI\u00c1RIOS<\/strong><\/span><\/span><\/h3>\n<p><span style=\"font-family: arial, helvetica, sans-serif; color: #333333;\"><span style=\"color: #003366;\"><strong>Responsable:<\/strong><br \/>\n<\/span>Julio Ricardo<br \/>\n<span style=\"font-family: arial, helvetica, sans-serif;\">&#8211; Rio de Janeiro \/ Brasil<\/span><\/span><span style=\"font-family: arial, helvetica, sans-serif; color: #333333;\"><br \/>\n<\/span>[\/vc_column_text][\/vc_column][vc_column width=\u00bb1\/2&#8243; css=\u00bb.vc_custom_1531835572898{margin-top: 15px !important;margin-right: 15px !important;margin-bottom: 15px !important;margin-left: 15px !important;background-color: #f2f2f2 !important;}\u00bb][vc_column_text]<\/p>\n<h3><span style=\"text-decoration: underline;\"><span style=\"color: #333333; font-family: arial, helvetica, sans-serif;\"><strong>WENDY REALTY<\/strong><\/span><\/span><\/h3>\n<p><span style=\"font-family: arial, helvetica, sans-serif;\"><span style=\"color: #003366;\"><strong>Departamento:<\/strong><br \/>\n<\/span><span style=\"color: #333333;\">Venta y b\u00fasqueda de inmuebles (West Coast FL.)<br \/>\n<\/span><\/span><span style=\"font-family: arial, helvetica, sans-serif;\"><span style=\"color: #003366;\"><strong>Responsable:<\/strong><br \/>\n<\/span><span style=\"color: #333333;\">Wendy<\/span><\/span>[\/vc_column_text][\/vc_column][\/vc_row][vc_row equal_height=\u00bbyes\u00bb content_placement=\u00bbmiddle\u00bb][vc_column width=\u00bb1\/2&#8243; css=\u00bb.vc_custom_1531835872900{margin-top: 15px !important;margin-right: 15px !important;margin-bottom: 15px !important;margin-left: 15px !important;background-color: #f2f2f2 !important;}\u00bb][vc_column_text]<\/p>\n<h3><span style=\"text-decoration: underline;\"><span style=\"color: #333333; font-family: arial, helvetica, sans-serif;\"><strong>REMAX<\/strong><\/span><\/span><\/h3>\n<p><span style=\"font-family: arial, helvetica, sans-serif;\"><span style=\"color: #003366;\"><strong>Departamento:<\/strong><br \/>\n<\/span><span style=\"color: #333333;\">Venta y b\u00fasqueda de inmuebles<br \/>\n<\/span><\/span><span style=\"font-family: arial, helvetica, sans-serif;\"><span style=\"color: #003366;\"><strong>Responsable:<\/strong><br \/>\n<\/span><span style=\"color: #333333;\">Johnette \/ Winter Haven<\/span><\/span>[\/vc_column_text][\/vc_column][vc_column width=\u00bb1\/2&#8243; css=\u00bb.vc_custom_1531835899897{margin-top: 15px !important;margin-right: 15px !important;margin-bottom: 15px !important;margin-left: 15px !important;background-color: #f2f2f2 !important;}\u00bb][vc_column_text]<\/p>\n<h3><span style=\"text-decoration: underline;\"><span style=\"color: #333333; font-family: arial, helvetica, sans-serif;\"><strong>JLC PRODUCTION<\/strong><\/span><\/span><\/h3>\n<p><span style=\"font-family: arial, helvetica, sans-serif; color: #333333;\"><span style=\"color: #003366;\"><strong>Responsable:<\/strong><br \/>\n<\/span>Jordana<\/span><span style=\"font-family: arial, helvetica, sans-serif; color: #333333;\"><br \/>\n<\/span>[\/vc_column_text][\/vc_column][\/vc_row][vc_row equal_height=\u00bbyes\u00bb content_placement=\u00bbmiddle\u00bb][vc_column width=\u00bb1\/2&#8243; css=\u00bb.vc_custom_1531836513671{margin-top: 15px !important;margin-right: 15px !important;margin-bottom: 15px !important;margin-left: 15px !important;background-color: #f2f2f2 !important;}\u00bb][vc_column_text]<\/p>\n<h3><span style=\"text-decoration: underline; color: #333333;\"><span style=\"font-family: arial, helvetica, sans-serif;\"><strong>J&amp;D REAL ESTATES AND NOTARY SERVICES<\/strong><\/span><\/span><\/h3>\n<p><span style=\"font-family: arial, helvetica, sans-serif; color: #333333;\"><span style=\"color: #003366;\"><strong>Departamento:<\/strong><br \/>\n<\/span><span style=\"font-family: arial, helvetica, sans-serif;\">Documentaci\u00f3n y transferencias<\/span><br \/>\n<\/span><span style=\"font-family: arial, helvetica, sans-serif; color: #333333;\"><span style=\"color: #003366;\"><strong>Responsable:<\/strong><br \/>\n<\/span><span style=\"font-family: arial, helvetica, sans-serif;\">Viviane<\/span><\/span><span style=\"font-family: arial, helvetica, sans-serif; color: #333333;\"><br \/>\n<\/span>[\/vc_column_text][\/vc_column][vc_column width=\u00bb1\/2&#8243; css=\u00bb.vc_custom_1531836535074{margin-top: 15px !important;margin-right: 15px !important;margin-bottom: 15px !important;margin-left: 15px !important;background-color: #f2f2f2 !important;}\u00bb][vc_column_text]<\/p>\n<h3><span style=\"text-decoration: underline; color: #333333;\"><span style=\"font-family: arial, helvetica, sans-serif;\"><strong>LAND CENTURY<\/strong><\/span><\/span><\/h3>\n<p><span style=\"font-family: arial, helvetica, sans-serif; color: #333333;\"><span style=\"color: #003366;\"><strong>Departamento:<\/strong><br \/>\n<\/span><span style=\"font-family: arial, helvetica, sans-serif;\">Venta<\/span><br \/>\n<\/span><span style=\"font-family: arial, helvetica, sans-serif; color: #333333;\"><span style=\"color: #003366;\"><strong>Responsable:<\/strong><br \/>\n<\/span><span style=\"font-family: arial, helvetica, sans-serif;\">Alex \/ Georgia<\/span><\/span><span style=\"font-family: arial, helvetica, sans-serif; color: #333333;\"><br \/>\n<\/span>[\/vc_column_text][\/vc_column][\/vc_row][vc_row equal_height=\u00bbyes\u00bb content_placement=\u00bbmiddle\u00bb][vc_column width=\u00bb1\/2&#8243; css=\u00bb.vc_custom_1531836661679{margin-top: 15px !important;margin-right: 15px !important;margin-bottom: 15px !important;margin-left: 15px !important;background-color: #f2f2f2 !important;}\u00bb][vc_column_text]<\/p>\n<h3><span style=\"text-decoration: underline; color: #333333;\"><span style=\"font-family: arial, helvetica, sans-serif;\"><strong>VIDA CASA AGENCIA IMOBILIARIA<\/strong><\/span><\/span><\/h3>\n<p><span style=\"font-family: arial, helvetica, sans-serif; color: #333333;\"><span style=\"color: #003366;\"><strong>Departamento:<\/strong><br \/>\n<\/span>Venta<br \/>\n<\/span><span style=\"font-family: arial, helvetica, sans-serif; color: #333333;\"><span style=\"color: #003366;\"><strong>Responsable:<\/strong><br \/>\n<\/span>Albino<br \/>\n<span style=\"color: #003366;\"><strong>Tel\u00e9fono:<\/strong><br \/>\n<\/span>+55 (61) 9.8442-4041<br \/>\n<\/span><span style=\"font-family: arial, helvetica, sans-serif; color: #333333;\"><span style=\"color: #003366;\"><strong>E-mail:<\/strong><\/span><br \/>\n<a style=\"color: #333333;\" href=\"mailto:albino@terrenosnaflorida.com\" target=\"_blank\" rel=\"noopener noreferrer\">albino@terrenosnaflorida.com<\/a><br \/>\n<\/span>[\/vc_column_text][\/vc_column][vc_column width=\u00bb1\/2&#8243; css=\u00bb.vc_custom_1531836677155{margin-top: 15px !important;margin-right: 15px !important;margin-bottom: 15px !important;margin-left: 15px !important;background-color: #f2f2f2 !important;}\u00bb][vc_column_text]<\/p>\n<h3><span style=\"text-decoration: underline; color: #333333;\"><span style=\"font-family: arial, helvetica, sans-serif;\"><strong>ORLANDOAQUI.COM<\/strong><\/span><\/span><\/h3>\n<p><span style=\"font-family: arial, helvetica, sans-serif; color: #333333;\"><span style=\"color: #003366;\"><strong>Departamento:<\/strong><br \/>\n<\/span>Anuncio<br \/>\n<\/span><span style=\"font-family: arial, helvetica, sans-serif; color: #333333;\"><span style=\"color: #003366;\"><strong>Responsable:<\/strong><br \/>\n<\/span>Osvaldo<br \/>\n<span style=\"color: #003366;\"><strong>Tel\u00e9fono:<\/strong><br \/>\n<\/span>+55 (15) 9.9625-0120<br \/>\n<\/span><span style=\"font-family: arial, helvetica, sans-serif; color: #333333;\"><span style=\"color: #003366;\"><strong>E-mail:<\/strong><\/span><br \/>\n<a style=\"color: #333333;\" href=\"mailto:osvaldo@terrenosnaflorida.com\" target=\"_blank\" rel=\"noopener noreferrer\">osvaldo@terrenosnaflorida.com<\/a><br \/>\n<\/span>[\/vc_column_text][\/vc_column][\/vc_row]<\/p>\n","protected":false},"excerpt":{"rendered":"<p>[vc_row equal_height=\u00bbyes\u00bb content_placement=\u00bbmiddle\u00bb][vc_column width=\u00bb1\/2&#8243; css=\u00bb.vc_custom_1531835519475{margin-top: 15px !important;margin-right: 15px !important;margin-bottom: 15px !important;margin-left: 15px !important;background-color: #f2f2f2 !important;}\u00bb][vc_column_text] GLOBAL UNITED NEG\u00d3CIOS IMOBILI\u00c1RIOS Responsable: Julio Ricardo &#8211; Rio de Janeiro \/ Brasil [\/vc_column_text][\/vc_column][vc_column width=\u00bb1\/2&#8243; css=\u00bb.vc_custom_1531835572898{margin-top: 15px !important;margin-right: 15px !important;margin-bottom: 15px !important;margin-left: 15px !important;background-color: #f2f2f2 !important;}\u00bb][vc_column_text] WENDY REALTY Departamento: Venta y b\u00fasqueda de inmuebles (West Coast FL.) Responsable: Wendy[\/vc_column_text][\/vc_column][\/vc_row][vc_row equal_height=\u00bbyes\u00bb&#8230;<\/p>\n","protected":false},"author":4,"featured_media":0,"parent":0,"menu_order":0,"comment_status":"closed","ping_status":"closed","template":"","meta":{"footnotes":""},"class_list":["post-9466","page","type-page","status-publish","hentry"],"yoast_head":"<!-- This site is optimized with the Yoast SEO plugin v27.5 - https:\/\/yoast.com\/product\/yoast-seo-wordpress\/ -->\n<title>Nuestros Socios - TERRENOS NA FLORIDA<\/title>\n<meta name=\"description\" content=\"Trabajamos con las mejores empresas asociadas, todo para ofrecer a nuestros clientes un proceso de compra y validaci\u00f3n sencilla y segura ...\" \/>\n<meta name=\"robots\" content=\"index, follow, max-snippet:-1, max-image-preview:large, max-video-preview:-1\" \/>\n<link rel=\"canonical\" href=\"https:\/\/terrenosnaflorida.com\/es\/socios\/\" \/>\n<meta property=\"og:locale\" content=\"es_ES\" \/>\n<meta property=\"og:type\" content=\"article\" \/>\n<meta property=\"og:title\" content=\"Nuestros Socios - TERRENOS NA FLORIDA\" \/>\n<meta property=\"og:description\" content=\"Trabajamos con las mejores empresas asociadas, todo para ofrecer a nuestros clientes un proceso de compra y validaci\u00f3n sencilla y segura ...\" \/>\n<meta property=\"og:url\" content=\"https:\/\/terrenosnaflorida.com\/es\/socios\/\" \/>\n<meta property=\"og:site_name\" content=\"TERRENOS NA FLORIDA\" \/>\n<meta property=\"article:modified_time\" content=\"2020-07-08T11:24:03+00:00\" \/>\n<meta name=\"twitter:card\" content=\"summary_large_image\" \/>\n<meta name=\"twitter:label1\" content=\"Tiempo de lectura\" \/>\n\t<meta name=\"twitter:data1\" content=\"2 minutos\" \/>\n<script type=\"application\/ld+json\" class=\"yoast-schema-graph\">{\"@context\":\"https:\\\/\\\/schema.org\",\"@graph\":[{\"@type\":\"WebPage\",\"@id\":\"https:\\\/\\\/terrenosnaflorida.com\\\/es\\\/socios\\\/\",\"url\":\"https:\\\/\\\/terrenosnaflorida.com\\\/es\\\/socios\\\/\",\"name\":\"Nuestros Socios - TERRENOS NA FLORIDA\",\"isPartOf\":{\"@id\":\"https:\\\/\\\/terrenosnaflorida.com\\\/es\\\/#website\"},\"datePublished\":\"2018-06-25T18:12:30+00:00\",\"dateModified\":\"2020-07-08T11:24:03+00:00\",\"description\":\"Trabajamos con las mejores empresas asociadas, todo para ofrecer a nuestros clientes un proceso de compra y validaci\u00f3n sencilla y segura ...\",\"breadcrumb\":{\"@id\":\"https:\\\/\\\/terrenosnaflorida.com\\\/es\\\/socios\\\/#breadcrumb\"},\"inLanguage\":\"es\",\"potentialAction\":[{\"@type\":\"ReadAction\",\"target\":[\"https:\\\/\\\/terrenosnaflorida.com\\\/es\\\/socios\\\/\"]}]},{\"@type\":\"BreadcrumbList\",\"@id\":\"https:\\\/\\\/terrenosnaflorida.com\\\/es\\\/socios\\\/#breadcrumb\",\"itemListElement\":[{\"@type\":\"ListItem\",\"position\":1,\"name\":\"In\u00edcio\",\"item\":\"https:\\\/\\\/terrenosnaflorida.com\\\/es\\\/\"},{\"@type\":\"ListItem\",\"position\":2,\"name\":\"Nuestros Socios\"}]},{\"@type\":\"WebSite\",\"@id\":\"https:\\\/\\\/terrenosnaflorida.com\\\/es\\\/#website\",\"url\":\"https:\\\/\\\/terrenosnaflorida.com\\\/es\\\/\",\"name\":\"TERRENOS NA FLORIDA\",\"description\":\"Im\u00f3veis &amp; Terreno \u00e0 venda em Fl\u00f3rida\",\"potentialAction\":[{\"@type\":\"SearchAction\",\"target\":{\"@type\":\"EntryPoint\",\"urlTemplate\":\"https:\\\/\\\/terrenosnaflorida.com\\\/es\\\/?s={search_term_string}\"},\"query-input\":{\"@type\":\"PropertyValueSpecification\",\"valueRequired\":true,\"valueName\":\"search_term_string\"}}],\"inLanguage\":\"es\"}]}<\/script>\n<!-- \/ Yoast SEO plugin. -->","yoast_head_json":{"title":"Nuestros Socios - TERRENOS NA FLORIDA","description":"Trabajamos con las mejores empresas asociadas, todo para ofrecer a nuestros clientes un proceso de compra y validaci\u00f3n sencilla y segura ...","robots":{"index":"index","follow":"follow","max-snippet":"max-snippet:-1","max-image-preview":"max-image-preview:large","max-video-preview":"max-video-preview:-1"},"canonical":"https:\/\/terrenosnaflorida.com\/es\/socios\/","og_locale":"es_ES","og_type":"article","og_title":"Nuestros Socios - TERRENOS NA FLORIDA","og_description":"Trabajamos con las mejores empresas asociadas, todo para ofrecer a nuestros clientes un proceso de compra y validaci\u00f3n sencilla y segura ...","og_url":"https:\/\/terrenosnaflorida.com\/es\/socios\/","og_site_name":"TERRENOS NA FLORIDA","article_modified_time":"2020-07-08T11:24:03+00:00","twitter_card":"summary_large_image","twitter_misc":{"Tiempo de lectura":"2 minutos"},"schema":{"@context":"https:\/\/schema.org","@graph":[{"@type":"WebPage","@id":"https:\/\/terrenosnaflorida.com\/es\/socios\/","url":"https:\/\/terrenosnaflorida.com\/es\/socios\/","name":"Nuestros Socios - TERRENOS NA FLORIDA","isPartOf":{"@id":"https:\/\/terrenosnaflorida.com\/es\/#website"},"datePublished":"2018-06-25T18:12:30+00:00","dateModified":"2020-07-08T11:24:03+00:00","description":"Trabajamos con las mejores empresas asociadas, todo para ofrecer a nuestros clientes un proceso de compra y validaci\u00f3n sencilla y segura ...","breadcrumb":{"@id":"https:\/\/terrenosnaflorida.com\/es\/socios\/#breadcrumb"},"inLanguage":"es","potentialAction":[{"@type":"ReadAction","target":["https:\/\/terrenosnaflorida.com\/es\/socios\/"]}]},{"@type":"BreadcrumbList","@id":"https:\/\/terrenosnaflorida.com\/es\/socios\/#breadcrumb","itemListElement":[{"@type":"ListItem","position":1,"name":"In\u00edcio","item":"https:\/\/terrenosnaflorida.com\/es\/"},{"@type":"ListItem","position":2,"name":"Nuestros Socios"}]},{"@type":"WebSite","@id":"https:\/\/terrenosnaflorida.com\/es\/#website","url":"https:\/\/terrenosnaflorida.com\/es\/","name":"TERRENOS NA FLORIDA","description":"Im\u00f3veis &amp; Terreno \u00e0 venda em Fl\u00f3rida","potentialAction":[{"@type":"SearchAction","target":{"@type":"EntryPoint","urlTemplate":"https:\/\/terrenosnaflorida.com\/es\/?s={search_term_string}"},"query-input":{"@type":"PropertyValueSpecification","valueRequired":true,"valueName":"search_term_string"}}],"inLanguage":"es"}]}},"_links":{"self":[{"href":"https:\/\/terrenosnaflorida.com\/es\/wp-json\/wp\/v2\/pages\/9466","targetHints":{"allow":["GET"]}}],"collection":[{"href":"https:\/\/terrenosnaflorida.com\/es\/wp-json\/wp\/v2\/pages"}],"about":[{"href":"https:\/\/terrenosnaflorida.com\/es\/wp-json\/wp\/v2\/types\/page"}],"author":[{"embeddable":true,"href":"https:\/\/terrenosnaflorida.com\/es\/wp-json\/wp\/v2\/users\/4"}],"replies":[{"embeddable":true,"href":"https:\/\/terrenosnaflorida.com\/es\/wp-json\/wp\/v2\/comments?post=9466"}],"version-history":[{"count":0,"href":"https:\/\/terrenosnaflorida.com\/es\/wp-json\/wp\/v2\/pages\/9466\/revisions"}],"wp:attachment":[{"href":"https:\/\/terrenosnaflorida.com\/es\/wp-json\/wp\/v2\/media?parent=9466"}],"curies":[{"name":"wp","href":"https:\/\/api.w.org\/{rel}","templated":true}]}}