{"id":8975,"date":"2018-05-28T20:38:13","date_gmt":"2018-05-28T23:38:13","guid":{"rendered":"http:\/\/sitenovo.terrenosnaflorida.com\/?page_id=8975"},"modified":"2018-07-18T14:20:37","modified_gmt":"2018-07-18T17:20:37","slug":"port-charlotte","status":"publish","type":"page","link":"https:\/\/terrenosnaflorida.com\/es\/tierras\/florida\/port-charlotte\/","title":{"rendered":"Tierras Port Charlotte"},"content":{"rendered":"","protected":false},"excerpt":{"rendered":"","protected":false},"author":4,"featured_media":0,"parent":7087,"menu_order":0,"comment_status":"closed","ping_status":"closed","template":"templates\/properties.php","meta":{"footnotes":""},"class_list":["post-8975","page","type-page","status-publish","hentry"],"yoast_head":"<!-- This site is optimized with the Yoast SEO plugin v27.2 - https:\/\/yoast.com\/product\/yoast-seo-wordpress\/ -->\n<title>Terrenos en Port Charlotte | Florida - Miami - Orlando | Terrenos en Florida<\/title>\n<meta name=\"description\" content=\"Los mejores Terrenos en Port Charlotte usted encuentra aqu\u00ed! Busque y Filtre por propiedades que caben en su bolsillo. Profesionales para ayudar con ...\" \/>\n<meta name=\"robots\" content=\"index, follow, max-snippet:-1, max-image-preview:large, max-video-preview:-1\" \/>\n<link rel=\"canonical\" href=\"https:\/\/terrenosnaflorida.com\/es\/tierras\/florida\/port-charlotte\/\" \/>\n<meta property=\"og:locale\" content=\"es_ES\" \/>\n<meta property=\"og:type\" content=\"article\" \/>\n<meta property=\"og:title\" content=\"Terrenos en Port Charlotte | Florida - Miami - Orlando | Terrenos en Florida\" \/>\n<meta property=\"og:description\" content=\"Los mejores Terrenos en Port Charlotte usted encuentra aqu\u00ed! Busque y Filtre por propiedades que caben en su bolsillo. Profesionales para ayudar con ...\" \/>\n<meta property=\"og:url\" content=\"https:\/\/terrenosnaflorida.com\/es\/tierras\/florida\/port-charlotte\/\" \/>\n<meta property=\"og:site_name\" content=\"TERRENOS NA FLORIDA\" \/>\n<meta property=\"article:modified_time\" content=\"2018-07-18T17:20:37+00:00\" \/>\n<meta name=\"twitter:card\" content=\"summary_large_image\" \/>\n<script type=\"application\/ld+json\" class=\"yoast-schema-graph\">{\"@context\":\"https:\/\/schema.org\",\"@graph\":[{\"@type\":\"WebPage\",\"@id\":\"https:\/\/terrenosnaflorida.com\/es\/tierras\/florida\/port-charlotte\/\",\"url\":\"https:\/\/terrenosnaflorida.com\/es\/tierras\/florida\/port-charlotte\/\",\"name\":\"Terrenos en Port Charlotte | Florida - Miami - Orlando | Terrenos en Florida\",\"isPartOf\":{\"@id\":\"https:\/\/terrenosnaflorida.com\/es\/#website\"},\"datePublished\":\"2018-05-28T23:38:13+00:00\",\"dateModified\":\"2018-07-18T17:20:37+00:00\",\"description\":\"Los mejores Terrenos en Port Charlotte usted encuentra aqu\u00ed! Busque y Filtre por propiedades que caben en su bolsillo. Profesionales para ayudar con ...\",\"breadcrumb\":{\"@id\":\"https:\/\/terrenosnaflorida.com\/es\/tierras\/florida\/port-charlotte\/#breadcrumb\"},\"inLanguage\":\"es\",\"potentialAction\":[{\"@type\":\"ReadAction\",\"target\":[\"https:\/\/terrenosnaflorida.com\/es\/tierras\/florida\/port-charlotte\/\"]}]},{\"@type\":\"BreadcrumbList\",\"@id\":\"https:\/\/terrenosnaflorida.com\/es\/tierras\/florida\/port-charlotte\/#breadcrumb\",\"itemListElement\":[{\"@type\":\"ListItem\",\"position\":1,\"name\":\"In\u00edcio\",\"item\":\"https:\/\/terrenosnaflorida.com\/es\/\"},{\"@type\":\"ListItem\",\"position\":2,\"name\":\"Todos las Tierras\",\"item\":\"https:\/\/terrenosnaflorida.com\/es\/tierras\/\"},{\"@type\":\"ListItem\",\"position\":3,\"name\":\"Terrenos en Fl\u00f3rida\",\"item\":\"https:\/\/terrenosnaflorida.com\/es\/tierras\/florida\/\"},{\"@type\":\"ListItem\",\"position\":4,\"name\":\"Tierras Port Charlotte\"}]},{\"@type\":\"WebSite\",\"@id\":\"https:\/\/terrenosnaflorida.com\/es\/#website\",\"url\":\"https:\/\/terrenosnaflorida.com\/es\/\",\"name\":\"TERRENOS NA FLORIDA\",\"description\":\"Im\u00f3veis &amp; Terreno \u00e0 venda em Fl\u00f3rida\",\"potentialAction\":[{\"@type\":\"SearchAction\",\"target\":{\"@type\":\"EntryPoint\",\"urlTemplate\":\"https:\/\/terrenosnaflorida.com\/es\/?s={search_term_string}\"},\"query-input\":{\"@type\":\"PropertyValueSpecification\",\"valueRequired\":true,\"valueName\":\"search_term_string\"}}],\"inLanguage\":\"es\"}]}<\/script>\n<!-- \/ Yoast SEO plugin. -->","yoast_head_json":{"title":"Terrenos en Port Charlotte | Florida - Miami - Orlando | Terrenos en Florida","description":"Los mejores Terrenos en Port Charlotte usted encuentra aqu\u00ed! Busque y Filtre por propiedades que caben en su bolsillo. Profesionales para ayudar con ...","robots":{"index":"index","follow":"follow","max-snippet":"max-snippet:-1","max-image-preview":"max-image-preview:large","max-video-preview":"max-video-preview:-1"},"canonical":"https:\/\/terrenosnaflorida.com\/es\/tierras\/florida\/port-charlotte\/","og_locale":"es_ES","og_type":"article","og_title":"Terrenos en Port Charlotte | Florida - Miami - Orlando | Terrenos en Florida","og_description":"Los mejores Terrenos en Port Charlotte usted encuentra aqu\u00ed! Busque y Filtre por propiedades que caben en su bolsillo. Profesionales para ayudar con ...","og_url":"https:\/\/terrenosnaflorida.com\/es\/tierras\/florida\/port-charlotte\/","og_site_name":"TERRENOS NA FLORIDA","article_modified_time":"2018-07-18T17:20:37+00:00","twitter_card":"summary_large_image","schema":{"@context":"https:\/\/schema.org","@graph":[{"@type":"WebPage","@id":"https:\/\/terrenosnaflorida.com\/es\/tierras\/florida\/port-charlotte\/","url":"https:\/\/terrenosnaflorida.com\/es\/tierras\/florida\/port-charlotte\/","name":"Terrenos en Port Charlotte | Florida - Miami - Orlando | Terrenos en Florida","isPartOf":{"@id":"https:\/\/terrenosnaflorida.com\/es\/#website"},"datePublished":"2018-05-28T23:38:13+00:00","dateModified":"2018-07-18T17:20:37+00:00","description":"Los mejores Terrenos en Port Charlotte usted encuentra aqu\u00ed! Busque y Filtre por propiedades que caben en su bolsillo. Profesionales para ayudar con ...","breadcrumb":{"@id":"https:\/\/terrenosnaflorida.com\/es\/tierras\/florida\/port-charlotte\/#breadcrumb"},"inLanguage":"es","potentialAction":[{"@type":"ReadAction","target":["https:\/\/terrenosnaflorida.com\/es\/tierras\/florida\/port-charlotte\/"]}]},{"@type":"BreadcrumbList","@id":"https:\/\/terrenosnaflorida.com\/es\/tierras\/florida\/port-charlotte\/#breadcrumb","itemListElement":[{"@type":"ListItem","position":1,"name":"In\u00edcio","item":"https:\/\/terrenosnaflorida.com\/es\/"},{"@type":"ListItem","position":2,"name":"Todos las Tierras","item":"https:\/\/terrenosnaflorida.com\/es\/tierras\/"},{"@type":"ListItem","position":3,"name":"Terrenos en Fl\u00f3rida","item":"https:\/\/terrenosnaflorida.com\/es\/tierras\/florida\/"},{"@type":"ListItem","position":4,"name":"Tierras Port Charlotte"}]},{"@type":"WebSite","@id":"https:\/\/terrenosnaflorida.com\/es\/#website","url":"https:\/\/terrenosnaflorida.com\/es\/","name":"TERRENOS NA FLORIDA","description":"Im\u00f3veis &amp; Terreno \u00e0 venda em Fl\u00f3rida","potentialAction":[{"@type":"SearchAction","target":{"@type":"EntryPoint","urlTemplate":"https:\/\/terrenosnaflorida.com\/es\/?s={search_term_string}"},"query-input":{"@type":"PropertyValueSpecification","valueRequired":true,"valueName":"search_term_string"}}],"inLanguage":"es"}]}},"_links":{"self":[{"href":"https:\/\/terrenosnaflorida.com\/es\/wp-json\/wp\/v2\/pages\/8975","targetHints":{"allow":["GET"]}}],"collection":[{"href":"https:\/\/terrenosnaflorida.com\/es\/wp-json\/wp\/v2\/pages"}],"about":[{"href":"https:\/\/terrenosnaflorida.com\/es\/wp-json\/wp\/v2\/types\/page"}],"author":[{"embeddable":true,"href":"https:\/\/terrenosnaflorida.com\/es\/wp-json\/wp\/v2\/users\/4"}],"replies":[{"embeddable":true,"href":"https:\/\/terrenosnaflorida.com\/es\/wp-json\/wp\/v2\/comments?post=8975"}],"version-history":[{"count":0,"href":"https:\/\/terrenosnaflorida.com\/es\/wp-json\/wp\/v2\/pages\/8975\/revisions"}],"up":[{"embeddable":true,"href":"https:\/\/terrenosnaflorida.com\/es\/wp-json\/wp\/v2\/pages\/7087"}],"wp:attachment":[{"href":"https:\/\/terrenosnaflorida.com\/es\/wp-json\/wp\/v2\/media?parent=8975"}],"curies":[{"name":"wp","href":"https:\/\/api.w.org\/{rel}","templated":true}]}}