{"id":8227,"date":"2018-03-28T14:35:55","date_gmt":"2018-03-28T17:35:55","guid":{"rendered":"http:\/\/sitenovo.terrenosnaflorida.com\/?page_id=8227"},"modified":"2018-07-17T10:23:12","modified_gmt":"2018-07-17T13:23:12","slug":"garantias","status":"publish","type":"page","link":"https:\/\/terrenosnaflorida.com\/es\/garantias\/","title":{"rendered":"Garant\u00edas"},"content":{"rendered":"<p>[vc_row equal_height=\u00bbyes\u00bb content_placement=\u00bbmiddle\u00bb][vc_column width=\u00bb1\/4&#8243;][vc_single_image image=\u00bb8229&#8243; img_size=\u00bb150&#215;150&#8243; alignment=\u00bbcenter\u00bb][\/vc_column][vc_column width=\u00bb3\/4&#8243;][vc_column_text]<\/p>\n<h3><span style=\"color: #333333;\"><strong>Nuestra cl\u00e1usula garantiza el 100% de satisfacci\u00f3n<\/strong>. <\/span><\/h3>\n<p><span style=\"color: #333333;\">A pesar de nuestras mejores intenciones, a veces creemos que ser\u00eda genial tener un bot\u00f3n de reset y deshacer lo que hicimos al comprar inmuebles o inversiones que generalmente no existen! Por ejemplo;<\/span><\/p>\n<p><span style=\"color: #333333;\">Hice una peque\u00f1a inversi\u00f3n en esa empresa de tecnolog\u00eda y, dentro de un mes de mi compra, el stock cay\u00f3 un 30% en valor. Desafortunadamente, no hab\u00eda garant\u00eda.<\/span><\/p>\n<p><span style=\"color: #333333;\">Queremos que usted compre propiedades con confianza, es por eso que todas nuestras ofertas tienen una garant\u00eda del 100% de satisfacci\u00f3n. S\u00ed, usted ha le\u00eddo correctamente, si usted no est\u00e1 satisfecho con su compra por cualquier motivo, cambiaremos su propiedad por otra dentro de 365 d\u00edas. \u00a1Sin preguntas!<\/span><\/p>\n<p><span style=\"color: #333333;\">El dinero ya pagado, ser\u00e1 simplemente aplicado al nuevo precio de la parcela. Si hay un saldo debido, usted simplemente paga la diferencia o comienza a hacer pagos con su nueva parcela, as\u00ed como usted estaba antes (si utilizamos nuestro financiamiento). \u00a1Y eso ser\u00e1 por escrito en su contrato de compra!<\/span>[\/vc_column_text][\/vc_column][\/vc_row][vc_row css=\u00bb.vc_custom_1522258116998{padding-bottom: 20px !important;}\u00bb][vc_column][vc_zigzag][\/vc_column][\/vc_row][vc_row equal_height=\u00bbyes\u00bb content_placement=\u00bbmiddle\u00bb][vc_column width=\u00bb1\/4&#8243;][vc_single_image image=\u00bb8228&#8243; img_size=\u00bb150&#215;150&#8243; alignment=\u00bbcenter\u00bb][\/vc_column][vc_column width=\u00bb3\/4&#8243;][vc_column_text]<\/p>\n<h3><span style=\"color: #333333;\"><strong>Cancele en cualquier momento, sin penalizaciones.<\/strong> <\/span><\/h3>\n<p><span style=\"color: #333333;\">Si decide utilizar nuestro financiamiento directo y no puede continuar pagando pagos por cualquier motivo que sea, Basta con entrar, sin saldo, sin deudas, sin cobro, sin acciones judiciales &#8211; sin resentimientos!<\/span><\/p>\n<p><span style=\"color: #333333;\">Y usted puede estar tranquilo sabiendo que puede aplicar todo el dinero que usted pag\u00f3 la otra parcela dentro de 365 d\u00edas, lo que le permite tener suficiente tiempo para recomponer financieramente!<\/span>[\/vc_column_text][\/vc_column][\/vc_row]<\/p>\n","protected":false},"excerpt":{"rendered":"<p>[vc_row equal_height=\u00bbyes\u00bb content_placement=\u00bbmiddle\u00bb][vc_column width=\u00bb1\/4&#8243;][vc_single_image image=\u00bb8229&#8243; img_size=\u00bb150&#215;150&#8243; alignment=\u00bbcenter\u00bb][\/vc_column][vc_column width=\u00bb3\/4&#8243;][vc_column_text] Nuestra cl\u00e1usula garantiza el 100% de satisfacci\u00f3n. A pesar de nuestras mejores intenciones, a veces creemos que ser\u00eda genial tener un bot\u00f3n de reset y deshacer lo que hicimos al comprar inmuebles o inversiones que generalmente no existen! Por ejemplo; Hice una peque\u00f1a inversi\u00f3n en esa empresa&#8230;<\/p>\n","protected":false},"author":4,"featured_media":0,"parent":0,"menu_order":0,"comment_status":"closed","ping_status":"closed","template":"","meta":{"footnotes":""},"class_list":["post-8227","page","type-page","status-publish","hentry"],"yoast_head":"<!-- This site is optimized with the Yoast SEO plugin v27.3 - https:\/\/yoast.com\/product\/yoast-seo-wordpress\/ -->\n<title>Nuestras Garant\u00edas | Compra Segura | Terrenos na Florida<\/title>\n<meta name=\"description\" content=\"Garant\u00edas - Nuestra cl\u00e1usula garantiza el 100% de satisfacci\u00f3n. Queremos que usted compre propiedades con confianza, es por eso que todas nuestras...\" \/>\n<meta name=\"robots\" content=\"index, follow, max-snippet:-1, max-image-preview:large, max-video-preview:-1\" \/>\n<link rel=\"canonical\" href=\"https:\/\/terrenosnaflorida.com\/es\/garantias\/\" \/>\n<meta property=\"og:locale\" content=\"es_ES\" \/>\n<meta property=\"og:type\" content=\"article\" \/>\n<meta property=\"og:title\" content=\"Nuestras Garant\u00edas | Compra Segura | Terrenos na Florida\" \/>\n<meta property=\"og:description\" content=\"Garant\u00edas - Nuestra cl\u00e1usula garantiza el 100% de satisfacci\u00f3n. Queremos que usted compre propiedades con confianza, es por eso que todas nuestras...\" \/>\n<meta property=\"og:url\" content=\"https:\/\/terrenosnaflorida.com\/es\/garantias\/\" \/>\n<meta property=\"og:site_name\" content=\"TERRENOS NA FLORIDA\" \/>\n<meta property=\"article:modified_time\" content=\"2018-07-17T13:23:12+00:00\" \/>\n<meta name=\"twitter:card\" content=\"summary_large_image\" \/>\n<meta name=\"twitter:label1\" content=\"Tiempo de lectura\" \/>\n\t<meta name=\"twitter:data1\" content=\"2 minutos\" \/>\n<script type=\"application\/ld+json\" class=\"yoast-schema-graph\">{\"@context\":\"https:\\\/\\\/schema.org\",\"@graph\":[{\"@type\":\"WebPage\",\"@id\":\"https:\\\/\\\/terrenosnaflorida.com\\\/es\\\/garantias\\\/\",\"url\":\"https:\\\/\\\/terrenosnaflorida.com\\\/es\\\/garantias\\\/\",\"name\":\"Nuestras Garant\u00edas | Compra Segura | Terrenos na Florida\",\"isPartOf\":{\"@id\":\"https:\\\/\\\/terrenosnaflorida.com\\\/es\\\/#website\"},\"datePublished\":\"2018-03-28T17:35:55+00:00\",\"dateModified\":\"2018-07-17T13:23:12+00:00\",\"description\":\"Garant\u00edas - Nuestra cl\u00e1usula garantiza el 100% de satisfacci\u00f3n. Queremos que usted compre propiedades con confianza, es por eso que todas nuestras...\",\"breadcrumb\":{\"@id\":\"https:\\\/\\\/terrenosnaflorida.com\\\/es\\\/garantias\\\/#breadcrumb\"},\"inLanguage\":\"es\",\"potentialAction\":[{\"@type\":\"ReadAction\",\"target\":[\"https:\\\/\\\/terrenosnaflorida.com\\\/es\\\/garantias\\\/\"]}]},{\"@type\":\"BreadcrumbList\",\"@id\":\"https:\\\/\\\/terrenosnaflorida.com\\\/es\\\/garantias\\\/#breadcrumb\",\"itemListElement\":[{\"@type\":\"ListItem\",\"position\":1,\"name\":\"In\u00edcio\",\"item\":\"https:\\\/\\\/terrenosnaflorida.com\\\/es\\\/\"},{\"@type\":\"ListItem\",\"position\":2,\"name\":\"Garant\u00edas\"}]},{\"@type\":\"WebSite\",\"@id\":\"https:\\\/\\\/terrenosnaflorida.com\\\/es\\\/#website\",\"url\":\"https:\\\/\\\/terrenosnaflorida.com\\\/es\\\/\",\"name\":\"TERRENOS NA FLORIDA\",\"description\":\"Im\u00f3veis &amp; Terreno \u00e0 venda em Fl\u00f3rida\",\"potentialAction\":[{\"@type\":\"SearchAction\",\"target\":{\"@type\":\"EntryPoint\",\"urlTemplate\":\"https:\\\/\\\/terrenosnaflorida.com\\\/es\\\/?s={search_term_string}\"},\"query-input\":{\"@type\":\"PropertyValueSpecification\",\"valueRequired\":true,\"valueName\":\"search_term_string\"}}],\"inLanguage\":\"es\"}]}<\/script>\n<!-- \/ Yoast SEO plugin. -->","yoast_head_json":{"title":"Nuestras Garant\u00edas | Compra Segura | Terrenos na Florida","description":"Garant\u00edas - Nuestra cl\u00e1usula garantiza el 100% de satisfacci\u00f3n. Queremos que usted compre propiedades con confianza, es por eso que todas nuestras...","robots":{"index":"index","follow":"follow","max-snippet":"max-snippet:-1","max-image-preview":"max-image-preview:large","max-video-preview":"max-video-preview:-1"},"canonical":"https:\/\/terrenosnaflorida.com\/es\/garantias\/","og_locale":"es_ES","og_type":"article","og_title":"Nuestras Garant\u00edas | Compra Segura | Terrenos na Florida","og_description":"Garant\u00edas - Nuestra cl\u00e1usula garantiza el 100% de satisfacci\u00f3n. Queremos que usted compre propiedades con confianza, es por eso que todas nuestras...","og_url":"https:\/\/terrenosnaflorida.com\/es\/garantias\/","og_site_name":"TERRENOS NA FLORIDA","article_modified_time":"2018-07-17T13:23:12+00:00","twitter_card":"summary_large_image","twitter_misc":{"Tiempo de lectura":"2 minutos"},"schema":{"@context":"https:\/\/schema.org","@graph":[{"@type":"WebPage","@id":"https:\/\/terrenosnaflorida.com\/es\/garantias\/","url":"https:\/\/terrenosnaflorida.com\/es\/garantias\/","name":"Nuestras Garant\u00edas | Compra Segura | Terrenos na Florida","isPartOf":{"@id":"https:\/\/terrenosnaflorida.com\/es\/#website"},"datePublished":"2018-03-28T17:35:55+00:00","dateModified":"2018-07-17T13:23:12+00:00","description":"Garant\u00edas - Nuestra cl\u00e1usula garantiza el 100% de satisfacci\u00f3n. Queremos que usted compre propiedades con confianza, es por eso que todas nuestras...","breadcrumb":{"@id":"https:\/\/terrenosnaflorida.com\/es\/garantias\/#breadcrumb"},"inLanguage":"es","potentialAction":[{"@type":"ReadAction","target":["https:\/\/terrenosnaflorida.com\/es\/garantias\/"]}]},{"@type":"BreadcrumbList","@id":"https:\/\/terrenosnaflorida.com\/es\/garantias\/#breadcrumb","itemListElement":[{"@type":"ListItem","position":1,"name":"In\u00edcio","item":"https:\/\/terrenosnaflorida.com\/es\/"},{"@type":"ListItem","position":2,"name":"Garant\u00edas"}]},{"@type":"WebSite","@id":"https:\/\/terrenosnaflorida.com\/es\/#website","url":"https:\/\/terrenosnaflorida.com\/es\/","name":"TERRENOS NA FLORIDA","description":"Im\u00f3veis &amp; Terreno \u00e0 venda em Fl\u00f3rida","potentialAction":[{"@type":"SearchAction","target":{"@type":"EntryPoint","urlTemplate":"https:\/\/terrenosnaflorida.com\/es\/?s={search_term_string}"},"query-input":{"@type":"PropertyValueSpecification","valueRequired":true,"valueName":"search_term_string"}}],"inLanguage":"es"}]}},"_links":{"self":[{"href":"https:\/\/terrenosnaflorida.com\/es\/wp-json\/wp\/v2\/pages\/8227","targetHints":{"allow":["GET"]}}],"collection":[{"href":"https:\/\/terrenosnaflorida.com\/es\/wp-json\/wp\/v2\/pages"}],"about":[{"href":"https:\/\/terrenosnaflorida.com\/es\/wp-json\/wp\/v2\/types\/page"}],"author":[{"embeddable":true,"href":"https:\/\/terrenosnaflorida.com\/es\/wp-json\/wp\/v2\/users\/4"}],"replies":[{"embeddable":true,"href":"https:\/\/terrenosnaflorida.com\/es\/wp-json\/wp\/v2\/comments?post=8227"}],"version-history":[{"count":0,"href":"https:\/\/terrenosnaflorida.com\/es\/wp-json\/wp\/v2\/pages\/8227\/revisions"}],"wp:attachment":[{"href":"https:\/\/terrenosnaflorida.com\/es\/wp-json\/wp\/v2\/media?parent=8227"}],"curies":[{"name":"wp","href":"https:\/\/api.w.org\/{rel}","templated":true}]}}