{"id":6742,"date":"2018-01-10T09:08:04","date_gmt":"2018-01-10T11:08:04","guid":{"rendered":"http:\/\/sitenovo.terrenosnaflorida.com\/enviar-propiedad\/"},"modified":"2018-01-10T09:08:04","modified_gmt":"2018-01-10T11:08:04","slug":"enviar-propiedad","status":"publish","type":"page","link":"https:\/\/terrenosnaflorida.com\/es\/enviar-propiedad\/","title":{"rendered":"Enviar Propiedad"},"content":{"rendered":"","protected":false},"excerpt":{"rendered":"","protected":false},"author":3,"featured_media":0,"parent":0,"menu_order":0,"comment_status":"closed","ping_status":"closed","template":"templates\/submit-property.php","meta":{"footnotes":""},"class_list":["post-6742","page","type-page","status-publish","hentry"],"yoast_head":"<!-- This site is optimized with the Yoast SEO plugin v27.3 - https:\/\/yoast.com\/product\/yoast-seo-wordpress\/ -->\n<title>Enviar Propiedad - TERRENOS NA FLORIDA<\/title>\n<meta name=\"robots\" content=\"index, follow, max-snippet:-1, max-image-preview:large, max-video-preview:-1\" \/>\n<link rel=\"canonical\" href=\"https:\/\/terrenosnaflorida.com\/es\/enviar-propiedad\/\" \/>\n<meta property=\"og:locale\" content=\"es_ES\" \/>\n<meta property=\"og:type\" content=\"article\" \/>\n<meta property=\"og:title\" content=\"Enviar Propiedad - TERRENOS NA FLORIDA\" \/>\n<meta property=\"og:url\" content=\"https:\/\/terrenosnaflorida.com\/es\/enviar-propiedad\/\" \/>\n<meta property=\"og:site_name\" content=\"TERRENOS NA FLORIDA\" \/>\n<meta name=\"twitter:card\" content=\"summary_large_image\" \/>\n<script type=\"application\/ld+json\" class=\"yoast-schema-graph\">{\"@context\":\"https:\\\/\\\/schema.org\",\"@graph\":[{\"@type\":\"WebPage\",\"@id\":\"https:\\\/\\\/terrenosnaflorida.com\\\/es\\\/enviar-propiedad\\\/\",\"url\":\"https:\\\/\\\/terrenosnaflorida.com\\\/es\\\/enviar-propiedad\\\/\",\"name\":\"Enviar Propiedad - TERRENOS NA FLORIDA\",\"isPartOf\":{\"@id\":\"https:\\\/\\\/terrenosnaflorida.com\\\/es\\\/#website\"},\"datePublished\":\"2018-01-10T11:08:04+00:00\",\"breadcrumb\":{\"@id\":\"https:\\\/\\\/terrenosnaflorida.com\\\/es\\\/enviar-propiedad\\\/#breadcrumb\"},\"inLanguage\":\"es\",\"potentialAction\":[{\"@type\":\"ReadAction\",\"target\":[\"https:\\\/\\\/terrenosnaflorida.com\\\/es\\\/enviar-propiedad\\\/\"]}]},{\"@type\":\"BreadcrumbList\",\"@id\":\"https:\\\/\\\/terrenosnaflorida.com\\\/es\\\/enviar-propiedad\\\/#breadcrumb\",\"itemListElement\":[{\"@type\":\"ListItem\",\"position\":1,\"name\":\"In\u00edcio\",\"item\":\"https:\\\/\\\/terrenosnaflorida.com\\\/es\\\/\"},{\"@type\":\"ListItem\",\"position\":2,\"name\":\"Enviar Propiedad\"}]},{\"@type\":\"WebSite\",\"@id\":\"https:\\\/\\\/terrenosnaflorida.com\\\/es\\\/#website\",\"url\":\"https:\\\/\\\/terrenosnaflorida.com\\\/es\\\/\",\"name\":\"TERRENOS NA FLORIDA\",\"description\":\"Im\u00f3veis &amp; Terreno \u00e0 venda em Fl\u00f3rida\",\"potentialAction\":[{\"@type\":\"SearchAction\",\"target\":{\"@type\":\"EntryPoint\",\"urlTemplate\":\"https:\\\/\\\/terrenosnaflorida.com\\\/es\\\/?s={search_term_string}\"},\"query-input\":{\"@type\":\"PropertyValueSpecification\",\"valueRequired\":true,\"valueName\":\"search_term_string\"}}],\"inLanguage\":\"es\"}]}<\/script>\n<!-- \/ Yoast SEO plugin. -->","yoast_head_json":{"title":"Enviar Propiedad - TERRENOS NA FLORIDA","robots":{"index":"index","follow":"follow","max-snippet":"max-snippet:-1","max-image-preview":"max-image-preview:large","max-video-preview":"max-video-preview:-1"},"canonical":"https:\/\/terrenosnaflorida.com\/es\/enviar-propiedad\/","og_locale":"es_ES","og_type":"article","og_title":"Enviar Propiedad - TERRENOS NA FLORIDA","og_url":"https:\/\/terrenosnaflorida.com\/es\/enviar-propiedad\/","og_site_name":"TERRENOS NA FLORIDA","twitter_card":"summary_large_image","schema":{"@context":"https:\/\/schema.org","@graph":[{"@type":"WebPage","@id":"https:\/\/terrenosnaflorida.com\/es\/enviar-propiedad\/","url":"https:\/\/terrenosnaflorida.com\/es\/enviar-propiedad\/","name":"Enviar Propiedad - TERRENOS NA FLORIDA","isPartOf":{"@id":"https:\/\/terrenosnaflorida.com\/es\/#website"},"datePublished":"2018-01-10T11:08:04+00:00","breadcrumb":{"@id":"https:\/\/terrenosnaflorida.com\/es\/enviar-propiedad\/#breadcrumb"},"inLanguage":"es","potentialAction":[{"@type":"ReadAction","target":["https:\/\/terrenosnaflorida.com\/es\/enviar-propiedad\/"]}]},{"@type":"BreadcrumbList","@id":"https:\/\/terrenosnaflorida.com\/es\/enviar-propiedad\/#breadcrumb","itemListElement":[{"@type":"ListItem","position":1,"name":"In\u00edcio","item":"https:\/\/terrenosnaflorida.com\/es\/"},{"@type":"ListItem","position":2,"name":"Enviar Propiedad"}]},{"@type":"WebSite","@id":"https:\/\/terrenosnaflorida.com\/es\/#website","url":"https:\/\/terrenosnaflorida.com\/es\/","name":"TERRENOS NA FLORIDA","description":"Im\u00f3veis &amp; Terreno \u00e0 venda em Fl\u00f3rida","potentialAction":[{"@type":"SearchAction","target":{"@type":"EntryPoint","urlTemplate":"https:\/\/terrenosnaflorida.com\/es\/?s={search_term_string}"},"query-input":{"@type":"PropertyValueSpecification","valueRequired":true,"valueName":"search_term_string"}}],"inLanguage":"es"}]}},"_links":{"self":[{"href":"https:\/\/terrenosnaflorida.com\/es\/wp-json\/wp\/v2\/pages\/6742","targetHints":{"allow":["GET"]}}],"collection":[{"href":"https:\/\/terrenosnaflorida.com\/es\/wp-json\/wp\/v2\/pages"}],"about":[{"href":"https:\/\/terrenosnaflorida.com\/es\/wp-json\/wp\/v2\/types\/page"}],"author":[{"embeddable":true,"href":"https:\/\/terrenosnaflorida.com\/es\/wp-json\/wp\/v2\/users\/3"}],"replies":[{"embeddable":true,"href":"https:\/\/terrenosnaflorida.com\/es\/wp-json\/wp\/v2\/comments?post=6742"}],"version-history":[{"count":0,"href":"https:\/\/terrenosnaflorida.com\/es\/wp-json\/wp\/v2\/pages\/6742\/revisions"}],"wp:attachment":[{"href":"https:\/\/terrenosnaflorida.com\/es\/wp-json\/wp\/v2\/media?parent=6742"}],"curies":[{"name":"wp","href":"https:\/\/api.w.org\/{rel}","templated":true}]}}