{"id":6715,"date":"2018-01-03T12:58:44","date_gmt":"2018-01-03T14:58:44","guid":{"rendered":"http:\/\/sitenovo.terrenosnaflorida.com\/donde-estamos\/"},"modified":"2023-05-22T10:00:53","modified_gmt":"2023-05-22T13:00:53","slug":"hable-con-nosotros","status":"publish","type":"page","link":"https:\/\/terrenosnaflorida.com\/es\/hable-con-nosotros\/","title":{"rendered":"Hable con nosotros"},"content":{"rendered":"<p>[vc_row equal_height=\u00bbyes\u00bb content_placement=\u00bbmiddle\u00bb][vc_column width=\u00bb1\/2&#8243;][vc_message color=\u00bbinfo\u00bb]<\/p>\n<p style=\"text-align: center\"><span style=\"color: #333333\"><strong>Marco Martin<\/strong><\/span><br \/>\n<span style=\"color: #333333\">Presidente\/CEO<\/span>[\/vc_message][\/vc_column][vc_column width=\u00bb1\/2&#8243;][vc_column_text]<\/p>\n<p style=\"text-align: center\"><span style=\"color: #333333\"><strong>Telefone:<\/strong> +1 (561) 710-9110<\/span><br \/>\n<span style=\"color: #333333\"><strong>Email:<\/strong> <span style=\"color: #333399\"><a style=\"color: #333399\" href=\"mailto:marcomartin@terrenosnaflorida.com\">marcomartin@terrenosnaflorida.com<\/a><\/span><\/span>[\/vc_column_text][\/vc_column][\/vc_row][vc_row equal_height=\u00bbyes\u00bb content_placement=\u00bbmiddle\u00bb][vc_column][vc_column_text]<\/p>\n<p style=\"text-align: center\"><span style=\"color: #333333\">Estoy a tu disposici\u00f3n para aclarar dudas y asistirte en la mejor opci\u00f3n y en todo el proceso de compra.<br \/>\n<\/span>[\/vc_column_text][\/vc_column][\/vc_row][vc_row equal_height=\u00bbyes\u00bb content_placement=\u00bbmiddle\u00bb css=\u00bb.vc_custom_1528397905805{padding-top: 25px !important;}\u00bb][vc_column width=\u00bb1\/6&#8243;][vc_column_text]<\/p>\n<p style=\"font-size: 36px;line-height: 30px;text-align: left\"><span style=\"color: #036303\"><strong>BRASIL<\/strong><\/span><\/p>\n<p>[\/vc_column_text][\/vc_column][vc_column width=\u00bb5\/6&#8243;][vc_separator border_width=\u00bb2&#8243;][\/vc_column][\/vc_row][vc_row][vc_column width=\u00bb1\/3&#8243;][vc_raw_html]PHA+PHNwYW4gc3R5bGU9ImNvbG9yOiAjMDAzMzY2OyI+PHN0cm9uZz5Tw6NvIFBhdWxvPC9zdHJvbmc+PC9zcGFuPjxicj4KPHNwYW4gc3R5bGU9ImNvbG9yOiAjMzMzMzMzOyI+PGkgY2xhc3M9ImZhIGZhLXBob25lIiBhcmlhLWhpZGRlbj0idHJ1ZSI+PC9pPiAgKDExKSAzNTIyLTkwMTk8L3NwYW4+PC9wPgoKPHA+PHNwYW4gc3R5bGU9ImNvbG9yOiAjMDAzMzY2OyI+PHN0cm9uZz5SaW8gZGUgSmFuZWlybzwvc3Ryb25nPjwvc3Bhbj48YnI+CjxzcGFuIHN0eWxlPSJjb2xvcjogIzMzMzMzMzsiPjxpIGNsYXNzPSJmYSBmYS1waG9uZSIgYXJpYS1oaWRkZW49InRydWUiPjwvaT4gICgyMSkgNDA0Mi0yMDAzPC9zcGFuPjwvcD4KCjxwPjxzcGFuIHN0eWxlPSJjb2xvcjogIzAwMzM2NjsiPjxzdHJvbmc+Q3VyaXRpYmE8L3N0cm9uZz48L3NwYW4+PGJyPgo8c3BhbiBzdHlsZT0iY29sb3I6ICMzMzMzMzM7Ij48aSBjbGFzcz0iZmEgZmEtcGhvbmUiIGFyaWEtaGlkZGVuPSJ0cnVlIj48L2k+ICAoNDEpIDQwNjMtNTA2MTwvc3Bhbj48L3A+[\/vc_raw_html][\/vc_column][vc_column width=\u00bb1\/3&#8243;][vc_raw_html]PHA+PHNwYW4gc3R5bGU9ImNvbG9yOiAjMDAzMzY2OyI+PHN0cm9uZz5SaW8gR3JhbmRlIGRvIFN1bDwvc3Ryb25nPjwvc3Bhbj48YnI+CjxzcGFuIHN0eWxlPSJjb2xvcjogIzMzMzMzMzsiPjxpIGNsYXNzPSJmYSBmYS1waG9uZSIgYXJpYS1oaWRkZW49InRydWUiPjwvaT4gICg1MSkgNDA0Mi0xMTA1PC9zcGFuPjwvcD4KCjxwPjxzcGFuIHN0eWxlPSJjb2xvcjogIzAwMzM2NjsiPjxzdHJvbmc+QmVsbyBIb3Jpem9udGU8L3N0cm9uZz48L3NwYW4+PGJyPgo8c3BhbiBzdHlsZT0iY29sb3I6ICMzMzMzMzM7Ij48aSBjbGFzcz0iZmEgZmEtcGhvbmUiIGFyaWEtaGlkZGVuPSJ0cnVlIj48L2k+ICAoMzEpIDQwNDItOTkyMDwvc3Bhbj48L3A+Cgo8cD48c3BhbiBzdHlsZT0iY29sb3I6ICMwMDMzNjY7Ij48c3Ryb25nPlNhbHZhZG9yPC9zdHJvbmc+PC9zcGFuPjxicj4KPHNwYW4gc3R5bGU9ImNvbG9yOiAjMzMzMzMzOyI+PGkgY2xhc3M9ImZhIGZhLXBob25lIiBhcmlhLWhpZGRlbj0idHJ1ZSI+PC9pPiAgKDcxKSA0MDQyLTA1MDQ8L3NwYW4+PC9wPg==[\/vc_raw_html][\/vc_column][vc_column width=\u00bb1\/3&#8243;][\/vc_column][\/vc_row][vc_row equal_height=\u00bbyes\u00bb content_placement=\u00bbmiddle\u00bb css=\u00bb.vc_custom_1528397905805{padding-top: 25px !important;}\u00bb][vc_column width=\u00bb1\/6&#8243;][vc_column_text]<\/p>\n<p style=\"font-size: 36px;line-height: 30px;text-align: left\"><span style=\"color: #800000\"><strong>USA<\/strong><\/span><\/p>\n<p>[\/vc_column_text][\/vc_column][vc_column width=\u00bb5\/6&#8243;][vc_separator border_width=\u00bb2&#8243;][\/vc_column][\/vc_row][vc_row][vc_column width=\u00bb1\/3&#8243;][vc_raw_html]PHA+PHNwYW4gc3R5bGU9ImNvbG9yOiAjMDAzMzY2OyI+PHN0cm9uZz5GbMOzcmlkYTwvc3Ryb25nPjwvc3Bhbj48YnI+CjxzcGFuIHN0eWxlPSJjb2xvcjogIzMzMzMzMzsiPjxpIGNsYXNzPSJmYSBmYS1waG9uZSIgYXJpYS1oaWRkZW49InRydWUiPjwvaT4gKzEgKDU2MSkgNzEwLTkxMTAgKE5vdm8gbsO6bWVybyk8L3NwYW4+PC9wPg==[\/vc_raw_html][\/vc_column][vc_column width=\u00bb1\/3&#8243;][vc_raw_html]JTNDcCUzRSUzQ3NwYW4lMjBzdHlsZSUzRCUyMmNvbG9yJTNBJTIwJTIzMDAzMzY2JTNCJTIyJTNFJTNDc3Ryb25nJTNFVVNBJTJGRXVyb3BlJTIwJTdDJTIwTUFOQUdFUiUyMFBBUlRORVIlM0MlMkZzdHJvbmclM0UlM0MlMkZzcGFuJTNFJTNDYnIlMjAlMkYlM0UlMEElM0NzcGFuJTIwc3R5bGUlM0QlMjJjb2xvciUzQSUyMCUyMzMzMzMzMyUzQiUyMiUzRSUzQ2klMjBjbGFzcyUzRCUyMmZhJTIwZmEtcGhvbmUlMjIlMjBhcmlhLWhpZGRlbiUzRCUyMnRydWUlMjIlM0UlM0MlMkZpJTNFJTIwJTJCMSUyMCUyODU2MSUyOSUyMDcyOS0yODQ1JTIwLSUyMEJldGFuaWElMjBOYXNzYXIlM0MlMkZzcGFuJTNFJTNDJTJGcCUzRQ==[\/vc_raw_html][\/vc_column][vc_column width=\u00bb1\/3&#8243;][\/vc_column][\/vc_row][vc_row content_placement=\u00bbtop\u00bb css=\u00bb.vc_custom_1634735947125{margin-bottom: 40px !important;}\u00bb][vc_column css=\u00bb.vc_custom_1634735864309{margin-top: 40px !important;}\u00bb][vc_separator style=\u00bbshadow\u00bb][vc_column_text]<strong>PALM BEACH PROPERTY &amp; BUSINESS SOLUTIONS INC, (HEADQUARTERS)<\/strong><br \/>\nBOYNTON BEACH FL\/USA (HEADQUARTER)[\/vc_column_text][\/vc_column][\/vc_row][vc_row equal_height=\u00bbyes\u00bb content_placement=\u00bbmiddle\u00bb css=\u00bb.vc_custom_1528397873034{padding-top: 25px !important;}\u00bb][vc_column width=\u00bb1\/4&#8243;][vc_separator border_width=\u00bb2&#8243;][\/vc_column][vc_column width=\u00bb1\/2&#8243;][vc_column_text]<\/p>\n<p style=\"font-size: 32px;line-height: 30px;text-align: center\"><span style=\"color: #333333\"><strong>ENVIE UMA MENSAGEM<\/strong><\/span><\/p>\n<p>[\/vc_column_text][vc_column_text]<\/p>\n<p style=\"text-align: center\"><i class=\"fa fa-envelope\" aria-hidden=\"true\"><\/i> <span style=\"color: #0000ff\"><a style=\"color: #0000ff\" href=\"mailto:contato@terrenosnaflorida.com?Subject=D%C3%BAvidas%20Site\" target=\"_top\" rel=\"noopener noreferrer\">contato@terrenosnaflorida.com<\/a><\/span><\/p>\n<p>[\/vc_column_text][\/vc_column][vc_column width=\u00bb1\/4&#8243;][vc_separator border_width=\u00bb2&#8243;][\/vc_column][\/vc_row][vc_row][vc_column width=\u00bb1\/6&#8243;][\/vc_column][vc_column width=\u00bb2\/3&#8243;][vc_column_text][supsystic-form id=\u00bb13&#8243;][\/vc_column_text][\/vc_column][vc_column width=\u00bb1\/6&#8243;][\/vc_column][\/vc_row][vc_row equal_height=\u00bbyes\u00bb content_placement=\u00bbmiddle\u00bb css=\u00bb.vc_custom_1528397844784{padding-top: 25px !important;}\u00bb][vc_column][vc_separator border_width=\u00bb2&#8243;][\/vc_column][\/vc_row][vc_row full_width=\u00bbstretch_row\u00bb equal_height=\u00bbyes\u00bb content_placement=\u00bbmiddle\u00bb][vc_column][vc_video link=\u00bbhttps:\/\/youtu.be\/bNFWP2yscLQ\u00bb align=\u00bbcenter\u00bb][\/vc_column][\/vc_row]<\/p>\n","protected":false},"excerpt":{"rendered":"<p>[vc_row equal_height=\u00bbyes\u00bb content_placement=\u00bbmiddle\u00bb][vc_column width=\u00bb1\/2&#8243;][vc_message color=\u00bbinfo\u00bb] Marco Martin Presidente\/CEO[\/vc_message][\/vc_column][vc_column width=\u00bb1\/2&#8243;][vc_column_text] Telefone: +1 (561) 710-9110 Email: marcomartin@terrenosnaflorida.com[\/vc_column_text][\/vc_column][\/vc_row][vc_row equal_height=\u00bbyes\u00bb content_placement=\u00bbmiddle\u00bb][vc_column][vc_column_text] Estoy a tu disposici\u00f3n para aclarar dudas y asistirte en la mejor opci\u00f3n y en todo el proceso de compra. [\/vc_column_text][\/vc_column][\/vc_row][vc_row equal_height=\u00bbyes\u00bb content_placement=\u00bbmiddle\u00bb css=\u00bb.vc_custom_1528397905805{padding-top: 25px !important;}\u00bb][vc_column width=\u00bb1\/6&#8243;][vc_column_text] BRASIL [\/vc_column_text][\/vc_column][vc_column width=\u00bb5\/6&#8243;][vc_separator border_width=\u00bb2&#8243;][\/vc_column][\/vc_row][vc_row][vc_column width=\u00bb1\/3&#8243;][vc_raw_html]PHA+PHNwYW4gc3R5bGU9ImNvbG9yOiAjMDAzMzY2OyI+PHN0cm9uZz5Tw6NvIFBhdWxvPC9zdHJvbmc+PC9zcGFuPjxicj4KPHNwYW4gc3R5bGU9ImNvbG9yOiAjMzMzMzMzOyI+PGkgY2xhc3M9ImZhIGZhLXBob25lIiBhcmlhLWhpZGRlbj0idHJ1ZSI+PC9pPiAgKDExKSAzNTIyLTkwMTk8L3NwYW4+PC9wPgoKPHA+PHNwYW4gc3R5bGU9ImNvbG9yOiAjMDAzMzY2OyI+PHN0cm9uZz5SaW8gZGUgSmFuZWlybzwvc3Ryb25nPjwvc3Bhbj48YnI+CjxzcGFuIHN0eWxlPSJjb2xvcjogIzMzMzMzMzsiPjxpIGNsYXNzPSJmYSBmYS1waG9uZSIgYXJpYS1oaWRkZW49InRydWUiPjwvaT4gICgyMSkgNDA0Mi0yMDAzPC9zcGFuPjwvcD4KCjxwPjxzcGFuIHN0eWxlPSJjb2xvcjogIzAwMzM2NjsiPjxzdHJvbmc+Q3VyaXRpYmE8L3N0cm9uZz48L3NwYW4+PGJyPgo8c3BhbiBzdHlsZT0iY29sb3I6ICMzMzMzMzM7Ij48aSBjbGFzcz0iZmEgZmEtcGhvbmUiIGFyaWEtaGlkZGVuPSJ0cnVlIj48L2k+ICAoNDEpIDQwNjMtNTA2MTwvc3Bhbj48L3A+[\/vc_raw_html][\/vc_column][vc_column width=\u00bb1\/3&#8243;][vc_raw_html]PHA+PHNwYW4gc3R5bGU9ImNvbG9yOiAjMDAzMzY2OyI+PHN0cm9uZz5SaW8gR3JhbmRlIGRvIFN1bDwvc3Ryb25nPjwvc3Bhbj48YnI+CjxzcGFuIHN0eWxlPSJjb2xvcjogIzMzMzMzMzsiPjxpIGNsYXNzPSJmYSBmYS1waG9uZSIgYXJpYS1oaWRkZW49InRydWUiPjwvaT4gICg1MSkgNDA0Mi0xMTA1PC9zcGFuPjwvcD4KCjxwPjxzcGFuIHN0eWxlPSJjb2xvcjogIzAwMzM2NjsiPjxzdHJvbmc+QmVsbyBIb3Jpem9udGU8L3N0cm9uZz48L3NwYW4+PGJyPgo8c3BhbiBzdHlsZT0iY29sb3I6ICMzMzMzMzM7Ij48aSBjbGFzcz0iZmEgZmEtcGhvbmUiIGFyaWEtaGlkZGVuPSJ0cnVlIj48L2k+ICAoMzEpIDQwNDItOTkyMDwvc3Bhbj48L3A+Cgo8cD48c3BhbiBzdHlsZT0iY29sb3I6ICMwMDMzNjY7Ij48c3Ryb25nPlNhbHZhZG9yPC9zdHJvbmc+PC9zcGFuPjxicj4KPHNwYW4gc3R5bGU9ImNvbG9yOiAjMzMzMzMzOyI+PGkgY2xhc3M9ImZhIGZhLXBob25lIiBhcmlhLWhpZGRlbj0idHJ1ZSI+PC9pPiAgKDcxKSA0MDQyLTA1MDQ8L3NwYW4+PC9wPg==[\/vc_raw_html][\/vc_column][vc_column width=\u00bb1\/3&#8243;][\/vc_column][\/vc_row][vc_row equal_height=\u00bbyes\u00bb content_placement=\u00bbmiddle\u00bb css=\u00bb.vc_custom_1528397905805{padding-top: 25px&#8230;<\/p>\n","protected":false},"author":3,"featured_media":0,"parent":0,"menu_order":0,"comment_status":"closed","ping_status":"closed","template":"","meta":{"footnotes":""},"class_list":["post-6715","page","type-page","status-publish","hentry"],"yoast_head":"<!-- This site is optimized with the Yoast SEO plugin v27.3 - https:\/\/yoast.com\/product\/yoast-seo-wordpress\/ -->\n<title>Cont\u00e1ctenos | FLORIDA - MIAMI | TERRENOS EN FLORIDA<\/title>\n<meta name=\"description\" content=\"Cont\u00e1ctenos | contato@terrenosnaflorida.com | Mira todos nuestros tel\u00e9fonos ... Corredores en Brasil y Estados Unidos ...\" \/>\n<meta name=\"robots\" content=\"index, follow, max-snippet:-1, max-image-preview:large, max-video-preview:-1\" \/>\n<link rel=\"canonical\" href=\"https:\/\/terrenosnaflorida.com\/es\/hable-con-nosotros\/\" \/>\n<meta property=\"og:locale\" content=\"es_ES\" \/>\n<meta property=\"og:type\" content=\"article\" \/>\n<meta property=\"og:title\" content=\"Cont\u00e1ctenos | FLORIDA - MIAMI | TERRENOS EN FLORIDA\" \/>\n<meta property=\"og:description\" content=\"Cont\u00e1ctenos | contato@terrenosnaflorida.com | Mira todos nuestros tel\u00e9fonos ... Corredores en Brasil y Estados Unidos ...\" \/>\n<meta property=\"og:url\" content=\"https:\/\/terrenosnaflorida.com\/es\/hable-con-nosotros\/\" \/>\n<meta property=\"og:site_name\" content=\"TERRENOS NA FLORIDA\" \/>\n<meta property=\"article:modified_time\" content=\"2023-05-22T13:00:53+00:00\" \/>\n<meta name=\"twitter:card\" content=\"summary_large_image\" \/>\n<meta name=\"twitter:label1\" content=\"Tiempo de lectura\" \/>\n\t<meta name=\"twitter:data1\" content=\"3 minutos\" \/>\n<script type=\"application\/ld+json\" class=\"yoast-schema-graph\">{\"@context\":\"https:\\\/\\\/schema.org\",\"@graph\":[{\"@type\":\"WebPage\",\"@id\":\"https:\\\/\\\/terrenosnaflorida.com\\\/es\\\/hable-con-nosotros\\\/\",\"url\":\"https:\\\/\\\/terrenosnaflorida.com\\\/es\\\/hable-con-nosotros\\\/\",\"name\":\"Cont\u00e1ctenos | FLORIDA - MIAMI | TERRENOS EN FLORIDA\",\"isPartOf\":{\"@id\":\"https:\\\/\\\/terrenosnaflorida.com\\\/es\\\/#website\"},\"datePublished\":\"2018-01-03T14:58:44+00:00\",\"dateModified\":\"2023-05-22T13:00:53+00:00\",\"description\":\"Cont\u00e1ctenos | contato@terrenosnaflorida.com | Mira todos nuestros tel\u00e9fonos ... Corredores en Brasil y Estados Unidos ...\",\"breadcrumb\":{\"@id\":\"https:\\\/\\\/terrenosnaflorida.com\\\/es\\\/hable-con-nosotros\\\/#breadcrumb\"},\"inLanguage\":\"es\",\"potentialAction\":[{\"@type\":\"ReadAction\",\"target\":[\"https:\\\/\\\/terrenosnaflorida.com\\\/es\\\/hable-con-nosotros\\\/\"]}]},{\"@type\":\"BreadcrumbList\",\"@id\":\"https:\\\/\\\/terrenosnaflorida.com\\\/es\\\/hable-con-nosotros\\\/#breadcrumb\",\"itemListElement\":[{\"@type\":\"ListItem\",\"position\":1,\"name\":\"In\u00edcio\",\"item\":\"https:\\\/\\\/terrenosnaflorida.com\\\/es\\\/\"},{\"@type\":\"ListItem\",\"position\":2,\"name\":\"Hable con nosotros\"}]},{\"@type\":\"WebSite\",\"@id\":\"https:\\\/\\\/terrenosnaflorida.com\\\/es\\\/#website\",\"url\":\"https:\\\/\\\/terrenosnaflorida.com\\\/es\\\/\",\"name\":\"TERRENOS NA FLORIDA\",\"description\":\"Im\u00f3veis &amp; Terreno \u00e0 venda em Fl\u00f3rida\",\"potentialAction\":[{\"@type\":\"SearchAction\",\"target\":{\"@type\":\"EntryPoint\",\"urlTemplate\":\"https:\\\/\\\/terrenosnaflorida.com\\\/es\\\/?s={search_term_string}\"},\"query-input\":{\"@type\":\"PropertyValueSpecification\",\"valueRequired\":true,\"valueName\":\"search_term_string\"}}],\"inLanguage\":\"es\"}]}<\/script>\n<!-- \/ Yoast SEO plugin. -->","yoast_head_json":{"title":"Cont\u00e1ctenos | FLORIDA - MIAMI | TERRENOS EN FLORIDA","description":"Cont\u00e1ctenos | contato@terrenosnaflorida.com | Mira todos nuestros tel\u00e9fonos ... Corredores en Brasil y Estados Unidos ...","robots":{"index":"index","follow":"follow","max-snippet":"max-snippet:-1","max-image-preview":"max-image-preview:large","max-video-preview":"max-video-preview:-1"},"canonical":"https:\/\/terrenosnaflorida.com\/es\/hable-con-nosotros\/","og_locale":"es_ES","og_type":"article","og_title":"Cont\u00e1ctenos | FLORIDA - MIAMI | TERRENOS EN FLORIDA","og_description":"Cont\u00e1ctenos | contato@terrenosnaflorida.com | Mira todos nuestros tel\u00e9fonos ... Corredores en Brasil y Estados Unidos ...","og_url":"https:\/\/terrenosnaflorida.com\/es\/hable-con-nosotros\/","og_site_name":"TERRENOS NA FLORIDA","article_modified_time":"2023-05-22T13:00:53+00:00","twitter_card":"summary_large_image","twitter_misc":{"Tiempo de lectura":"3 minutos"},"schema":{"@context":"https:\/\/schema.org","@graph":[{"@type":"WebPage","@id":"https:\/\/terrenosnaflorida.com\/es\/hable-con-nosotros\/","url":"https:\/\/terrenosnaflorida.com\/es\/hable-con-nosotros\/","name":"Cont\u00e1ctenos | FLORIDA - MIAMI | TERRENOS EN FLORIDA","isPartOf":{"@id":"https:\/\/terrenosnaflorida.com\/es\/#website"},"datePublished":"2018-01-03T14:58:44+00:00","dateModified":"2023-05-22T13:00:53+00:00","description":"Cont\u00e1ctenos | contato@terrenosnaflorida.com | Mira todos nuestros tel\u00e9fonos ... Corredores en Brasil y Estados Unidos ...","breadcrumb":{"@id":"https:\/\/terrenosnaflorida.com\/es\/hable-con-nosotros\/#breadcrumb"},"inLanguage":"es","potentialAction":[{"@type":"ReadAction","target":["https:\/\/terrenosnaflorida.com\/es\/hable-con-nosotros\/"]}]},{"@type":"BreadcrumbList","@id":"https:\/\/terrenosnaflorida.com\/es\/hable-con-nosotros\/#breadcrumb","itemListElement":[{"@type":"ListItem","position":1,"name":"In\u00edcio","item":"https:\/\/terrenosnaflorida.com\/es\/"},{"@type":"ListItem","position":2,"name":"Hable con nosotros"}]},{"@type":"WebSite","@id":"https:\/\/terrenosnaflorida.com\/es\/#website","url":"https:\/\/terrenosnaflorida.com\/es\/","name":"TERRENOS NA FLORIDA","description":"Im\u00f3veis &amp; Terreno \u00e0 venda em Fl\u00f3rida","potentialAction":[{"@type":"SearchAction","target":{"@type":"EntryPoint","urlTemplate":"https:\/\/terrenosnaflorida.com\/es\/?s={search_term_string}"},"query-input":{"@type":"PropertyValueSpecification","valueRequired":true,"valueName":"search_term_string"}}],"inLanguage":"es"}]}},"_links":{"self":[{"href":"https:\/\/terrenosnaflorida.com\/es\/wp-json\/wp\/v2\/pages\/6715","targetHints":{"allow":["GET"]}}],"collection":[{"href":"https:\/\/terrenosnaflorida.com\/es\/wp-json\/wp\/v2\/pages"}],"about":[{"href":"https:\/\/terrenosnaflorida.com\/es\/wp-json\/wp\/v2\/types\/page"}],"author":[{"embeddable":true,"href":"https:\/\/terrenosnaflorida.com\/es\/wp-json\/wp\/v2\/users\/3"}],"replies":[{"embeddable":true,"href":"https:\/\/terrenosnaflorida.com\/es\/wp-json\/wp\/v2\/comments?post=6715"}],"version-history":[{"count":1,"href":"https:\/\/terrenosnaflorida.com\/es\/wp-json\/wp\/v2\/pages\/6715\/revisions"}],"predecessor-version":[{"id":32182,"href":"https:\/\/terrenosnaflorida.com\/es\/wp-json\/wp\/v2\/pages\/6715\/revisions\/32182"}],"wp:attachment":[{"href":"https:\/\/terrenosnaflorida.com\/es\/wp-json\/wp\/v2\/media?parent=6715"}],"curies":[{"name":"wp","href":"https:\/\/api.w.org\/{rel}","templated":true}]}}