{"id":6679,"date":"2017-11-30T10:02:35","date_gmt":"2017-11-30T12:02:35","guid":{"rendered":"http:\/\/sitenovo.terrenosnaflorida.com\/comprar-terrenos-en-florida-como-funciona\/"},"modified":"2022-12-28T15:19:41","modified_gmt":"2022-12-28T18:19:41","slug":"como-funciona","status":"publish","type":"page","link":"https:\/\/terrenosnaflorida.com\/es\/como-funciona\/","title":{"rendered":"Como funciona?"},"content":{"rendered":"<p>[vc_row][vc_column][vc_column_text]<span style=\"color: #333333; font-family: arial, helvetica, sans-serif;\">Esta es una de las principales dudas de qui\u00e9n est\u00e1 buscando un terreno para vivir o invertir en la Florida.<\/span><\/p>\n<p><span style=\"color: #333333; font-family: arial, helvetica, sans-serif;\">Nosotros de <strong>Palm Beach Property<\/strong> separamos un paso a paso para quienes todav\u00eda tienen dudas en relaci\u00f3n a los procedimientos de compra para Vivienda o Inversi\u00f3n en la Florida.<\/span><\/p>\n<p><span style=\"color: #333333; font-family: arial, helvetica, sans-serif;\">Todo proceso de compra ser\u00e1 acompa\u00f1ado directamente por <strong>Palm Beach Property,\u00a0<\/strong>garantizando que todo corra tranquilamente!<\/span>[\/vc_column_text][vc_zigzag][\/vc_column][\/vc_row][vc_row full_width=\u00bbstretch_row\u00bb equal_height=\u00bbyes\u00bb content_placement=\u00bbmiddle\u00bb][vc_column width=\u00bb1\/4&#8243;][vc_single_image image=\u00bb12809&#8243; img_size=\u00bbfull\u00bb alignment=\u00bbcenter\u00bb][\/vc_column][vc_column width=\u00bb3\/4&#8243;][vc_column_text]<span style=\"color: #333333; font-family: arial, helvetica, sans-serif;\">Es hora de elegir el lugar de sus sue\u00f1os, navegue en nuestro sitio y elija la propiedad por regi\u00f3n, tama\u00f1o o rango de precio adecuado a su necesidad.<\/span><\/p>\n<p><span style=\"color: #333333;\">Disfrute de las fotos y echa un vistazo a todos los detalles de cada propiedad! Si a\u00fan quedan dudas, estaremos a disposici\u00f3n.<\/span><br \/>\n<span style=\"color: #333333;\"><strong>Has escogido el terreno de tus sue\u00f1os? Vamos al siguiente paso\u2026<\/strong><\/span>[\/vc_column_text][\/vc_column][\/vc_row][vc_row css=\u00bb.vc_custom_1532010675895{margin-bottom: 30px !important;}\u00bb][vc_column][vc_zigzag][\/vc_column][\/vc_row][vc_row full_width=\u00bbstretch_row\u00bb equal_height=\u00bbyes\u00bb content_placement=\u00bbmiddle\u00bb][vc_column width=\u00bb1\/4&#8243;][vc_single_image image=\u00bb12812&#8243; img_size=\u00bbfull\u00bb alignment=\u00bbcenter\u00bb][\/vc_column][vc_column width=\u00bb3\/4&#8243;][vc_column_text]<span style=\"color: #333333; font-family: arial, helvetica, sans-serif;\">P\u00f3ngase en contacto con nosotros a trav\u00e9s de nuestros tel\u00e9fonos o E-mail.<br \/>\nTenemos una estructura lista y capacitada para atenderlo de una forma r\u00e1pida y eficiente, trayendo total tranquilidad y transparencia en la adquisici\u00f3n de su inmueble.<\/span><\/p>\n<p><span style=\"font-family: arial, helvetica, sans-serif; color: #333333;\">Podemos llevarlo personalmente para conocer la propiedad y su vecindad.<\/span><br \/>\n<span style=\"font-family: arial, helvetica, sans-serif; color: #333333;\"><strong>Hablamos portugu\u00e9s, espa\u00f1ol e Ingl\u00e9s. Facilitando la comunicaci\u00f3n.<\/strong><\/span><br \/>\n<span style=\"font-family: arial, helvetica, sans-serif; color: #333333;\">Podemos cerrar el acuerdo en la propiedad o en nuestra oficina u otra ubicaci\u00f3n conveniente para usted.<\/span>[\/vc_column_text][\/vc_column][\/vc_row][vc_row css=\u00bb.vc_custom_1532010663502{margin-bottom: 30px !important;}\u00bb][vc_column][vc_zigzag][\/vc_column][\/vc_row][vc_row full_width=\u00bbstretch_row\u00bb equal_height=\u00bbyes\u00bb content_placement=\u00bbmiddle\u00bb][vc_column width=\u00bb1\/4&#8243;][vc_single_image image=\u00bb12815&#8243; img_size=\u00bbfull\u00bb alignment=\u00bbcenter\u00bb][\/vc_column][vc_column width=\u00bb3\/4&#8243;][vc_column_text]<span style=\"font-family: arial, helvetica, sans-serif; color: #333333;\">Decida si desea pagar a la vista o aprovechar nuestro financiamiento, con entrada a partir de US $ 999.00 (Consulte sobre las condiciones de financiaci\u00f3n directa con nosotros). Aceptamos todas las formas de pago.<\/span><\/p>\n<p><span style=\"font-family: arial, helvetica, sans-serif; color: #333333;\">Cuidaremos de toda documentaci\u00f3n y procesos para que usted pueda adquirir su propiedad con la mayor tranquilidad y seguridad.<br \/>\n<\/span><strong><span style=\"color: #800000;\"><span style=\"font-family: arial, helvetica, sans-serif;\">Compra 100% Segura.<\/span><\/span><\/strong>[\/vc_column_text][\/vc_column][\/vc_row][vc_row css=\u00bb.vc_custom_1532010651780{margin-bottom: 30px !important;}\u00bb][vc_column][vc_zigzag][\/vc_column][\/vc_row][vc_column width=\u00bb1\/4&#8243;][\/vc_column][vc_column width=\u00bb3\/4&#8243;][\/vc_column][vc_row][vc_column][vc_btn title=\u00bbNUESTRAS GARANT\u00cdAS\u00bb color=\u00bbprimary\u00bb size=\u00bblg\u00bb align=\u00bbcenter\u00bb link=\u00bburl:https%3A%2F%2Fterrenosnaflorida.com%2Fes%2Fgarantias%2F|||\u00bb][\/vc_column][\/vc_row]<\/p>\n","protected":false},"excerpt":{"rendered":"<p>[vc_row][vc_column][vc_column_text]Esta es una de las principales dudas de qui\u00e9n est\u00e1 buscando un terreno para vivir o invertir en la Florida. Nosotros de Palm Beach Property separamos un paso a paso para quienes todav\u00eda tienen dudas en relaci\u00f3n a los procedimientos de compra para Vivienda o Inversi\u00f3n en la Florida. Todo proceso de compra ser\u00e1 acompa\u00f1ado&#8230;<\/p>\n","protected":false},"author":3,"featured_media":0,"parent":0,"menu_order":0,"comment_status":"closed","ping_status":"closed","template":"","meta":{"footnotes":""},"class_list":["post-6679","page","type-page","status-publish","hentry"],"yoast_head":"<!-- This site is optimized with the Yoast SEO plugin v27.3 - https:\/\/yoast.com\/product\/yoast-seo-wordpress\/ -->\n<title>Comprar Terrenos en Florida | Como funciona? | Terrenos en Florida<\/title>\n<meta name=\"description\" content=\"Comprar Terrenos en Florida - C\u00f3mo funciona? Esta es una de las principales dudas de quien est\u00e1 buscando un terreno para vivir o invertir en la Florida...\" \/>\n<meta name=\"robots\" content=\"index, follow, max-snippet:-1, max-image-preview:large, max-video-preview:-1\" \/>\n<link rel=\"canonical\" href=\"https:\/\/terrenosnaflorida.com\/es\/como-funciona\/\" \/>\n<meta property=\"og:locale\" content=\"es_ES\" \/>\n<meta property=\"og:type\" content=\"article\" \/>\n<meta property=\"og:title\" content=\"Comprar Terrenos en Florida | Como funciona? | Terrenos en Florida\" \/>\n<meta property=\"og:description\" content=\"Comprar Terrenos en Florida - C\u00f3mo funciona? Esta es una de las principales dudas de quien est\u00e1 buscando un terreno para vivir o invertir en la Florida...\" \/>\n<meta property=\"og:url\" content=\"https:\/\/terrenosnaflorida.com\/es\/como-funciona\/\" \/>\n<meta property=\"og:site_name\" content=\"TERRENOS NA FLORIDA\" \/>\n<meta property=\"article:modified_time\" content=\"2022-12-28T18:19:41+00:00\" \/>\n<meta name=\"twitter:card\" content=\"summary_large_image\" \/>\n<meta name=\"twitter:label1\" content=\"Tiempo de lectura\" \/>\n\t<meta name=\"twitter:data1\" content=\"2 minutos\" \/>\n<script type=\"application\/ld+json\" class=\"yoast-schema-graph\">{\"@context\":\"https:\\\/\\\/schema.org\",\"@graph\":[{\"@type\":\"WebPage\",\"@id\":\"https:\\\/\\\/terrenosnaflorida.com\\\/es\\\/como-funciona\\\/\",\"url\":\"https:\\\/\\\/terrenosnaflorida.com\\\/es\\\/como-funciona\\\/\",\"name\":\"Comprar Terrenos en Florida | Como funciona? | Terrenos en Florida\",\"isPartOf\":{\"@id\":\"https:\\\/\\\/terrenosnaflorida.com\\\/es\\\/#website\"},\"datePublished\":\"2017-11-30T12:02:35+00:00\",\"dateModified\":\"2022-12-28T18:19:41+00:00\",\"description\":\"Comprar Terrenos en Florida - C\u00f3mo funciona? Esta es una de las principales dudas de quien est\u00e1 buscando un terreno para vivir o invertir en la Florida...\",\"breadcrumb\":{\"@id\":\"https:\\\/\\\/terrenosnaflorida.com\\\/es\\\/como-funciona\\\/#breadcrumb\"},\"inLanguage\":\"es\",\"potentialAction\":[{\"@type\":\"ReadAction\",\"target\":[\"https:\\\/\\\/terrenosnaflorida.com\\\/es\\\/como-funciona\\\/\"]}]},{\"@type\":\"BreadcrumbList\",\"@id\":\"https:\\\/\\\/terrenosnaflorida.com\\\/es\\\/como-funciona\\\/#breadcrumb\",\"itemListElement\":[{\"@type\":\"ListItem\",\"position\":1,\"name\":\"In\u00edcio\",\"item\":\"https:\\\/\\\/terrenosnaflorida.com\\\/es\\\/\"},{\"@type\":\"ListItem\",\"position\":2,\"name\":\"Como funciona?\"}]},{\"@type\":\"WebSite\",\"@id\":\"https:\\\/\\\/terrenosnaflorida.com\\\/es\\\/#website\",\"url\":\"https:\\\/\\\/terrenosnaflorida.com\\\/es\\\/\",\"name\":\"TERRENOS NA FLORIDA\",\"description\":\"Im\u00f3veis &amp; Terreno \u00e0 venda em Fl\u00f3rida\",\"potentialAction\":[{\"@type\":\"SearchAction\",\"target\":{\"@type\":\"EntryPoint\",\"urlTemplate\":\"https:\\\/\\\/terrenosnaflorida.com\\\/es\\\/?s={search_term_string}\"},\"query-input\":{\"@type\":\"PropertyValueSpecification\",\"valueRequired\":true,\"valueName\":\"search_term_string\"}}],\"inLanguage\":\"es\"}]}<\/script>\n<!-- \/ Yoast SEO plugin. -->","yoast_head_json":{"title":"Comprar Terrenos en Florida | Como funciona? | Terrenos en Florida","description":"Comprar Terrenos en Florida - C\u00f3mo funciona? Esta es una de las principales dudas de quien est\u00e1 buscando un terreno para vivir o invertir en la Florida...","robots":{"index":"index","follow":"follow","max-snippet":"max-snippet:-1","max-image-preview":"max-image-preview:large","max-video-preview":"max-video-preview:-1"},"canonical":"https:\/\/terrenosnaflorida.com\/es\/como-funciona\/","og_locale":"es_ES","og_type":"article","og_title":"Comprar Terrenos en Florida | Como funciona? | Terrenos en Florida","og_description":"Comprar Terrenos en Florida - C\u00f3mo funciona? Esta es una de las principales dudas de quien est\u00e1 buscando un terreno para vivir o invertir en la Florida...","og_url":"https:\/\/terrenosnaflorida.com\/es\/como-funciona\/","og_site_name":"TERRENOS NA FLORIDA","article_modified_time":"2022-12-28T18:19:41+00:00","twitter_card":"summary_large_image","twitter_misc":{"Tiempo de lectura":"2 minutos"},"schema":{"@context":"https:\/\/schema.org","@graph":[{"@type":"WebPage","@id":"https:\/\/terrenosnaflorida.com\/es\/como-funciona\/","url":"https:\/\/terrenosnaflorida.com\/es\/como-funciona\/","name":"Comprar Terrenos en Florida | Como funciona? | Terrenos en Florida","isPartOf":{"@id":"https:\/\/terrenosnaflorida.com\/es\/#website"},"datePublished":"2017-11-30T12:02:35+00:00","dateModified":"2022-12-28T18:19:41+00:00","description":"Comprar Terrenos en Florida - C\u00f3mo funciona? Esta es una de las principales dudas de quien est\u00e1 buscando un terreno para vivir o invertir en la Florida...","breadcrumb":{"@id":"https:\/\/terrenosnaflorida.com\/es\/como-funciona\/#breadcrumb"},"inLanguage":"es","potentialAction":[{"@type":"ReadAction","target":["https:\/\/terrenosnaflorida.com\/es\/como-funciona\/"]}]},{"@type":"BreadcrumbList","@id":"https:\/\/terrenosnaflorida.com\/es\/como-funciona\/#breadcrumb","itemListElement":[{"@type":"ListItem","position":1,"name":"In\u00edcio","item":"https:\/\/terrenosnaflorida.com\/es\/"},{"@type":"ListItem","position":2,"name":"Como funciona?"}]},{"@type":"WebSite","@id":"https:\/\/terrenosnaflorida.com\/es\/#website","url":"https:\/\/terrenosnaflorida.com\/es\/","name":"TERRENOS NA FLORIDA","description":"Im\u00f3veis &amp; Terreno \u00e0 venda em Fl\u00f3rida","potentialAction":[{"@type":"SearchAction","target":{"@type":"EntryPoint","urlTemplate":"https:\/\/terrenosnaflorida.com\/es\/?s={search_term_string}"},"query-input":{"@type":"PropertyValueSpecification","valueRequired":true,"valueName":"search_term_string"}}],"inLanguage":"es"}]}},"_links":{"self":[{"href":"https:\/\/terrenosnaflorida.com\/es\/wp-json\/wp\/v2\/pages\/6679","targetHints":{"allow":["GET"]}}],"collection":[{"href":"https:\/\/terrenosnaflorida.com\/es\/wp-json\/wp\/v2\/pages"}],"about":[{"href":"https:\/\/terrenosnaflorida.com\/es\/wp-json\/wp\/v2\/types\/page"}],"author":[{"embeddable":true,"href":"https:\/\/terrenosnaflorida.com\/es\/wp-json\/wp\/v2\/users\/3"}],"replies":[{"embeddable":true,"href":"https:\/\/terrenosnaflorida.com\/es\/wp-json\/wp\/v2\/comments?post=6679"}],"version-history":[{"count":1,"href":"https:\/\/terrenosnaflorida.com\/es\/wp-json\/wp\/v2\/pages\/6679\/revisions"}],"predecessor-version":[{"id":31581,"href":"https:\/\/terrenosnaflorida.com\/es\/wp-json\/wp\/v2\/pages\/6679\/revisions\/31581"}],"wp:attachment":[{"href":"https:\/\/terrenosnaflorida.com\/es\/wp-json\/wp\/v2\/media?parent=6679"}],"curies":[{"name":"wp","href":"https:\/\/api.w.org\/{rel}","templated":true}]}}