{"id":6677,"date":"2018-01-03T11:14:14","date_gmt":"2018-01-03T13:14:14","guid":{"rendered":"http:\/\/sitenovo.terrenosnaflorida.com\/compra-segura\/"},"modified":"2018-07-17T10:06:20","modified_gmt":"2018-07-17T13:06:20","slug":"compra-segura","status":"publish","type":"page","link":"https:\/\/terrenosnaflorida.com\/es\/compra-segura\/","title":{"rendered":"Compra Segura"},"content":{"rendered":"<p>[vc_row][vc_column][vc_column_text]<\/p>\n<h3><span style=\"color: #333333;\">Es muy seguro comprar propiedades aqu\u00ed en los EUA, todo se hace a trav\u00e9s de la oficina de registro de la propiedad (Title Company).<\/span><\/h3>\n<h3><span style=\"color: #333333;\">La escritura es 100% segura cuando se remite a Title Company (Warranty Deed).<\/span><\/h3>\n<p>[\/vc_column_text][\/vc_column][\/vc_row]<\/p>\n","protected":false},"excerpt":{"rendered":"<p>[vc_row][vc_column][vc_column_text] Es muy seguro comprar propiedades aqu\u00ed en los EUA, todo se hace a trav\u00e9s de la oficina de registro de la propiedad (Title Company). La escritura es 100% segura cuando se remite a Title Company (Warranty Deed). [\/vc_column_text][\/vc_column][\/vc_row]<\/p>\n","protected":false},"author":3,"featured_media":0,"parent":0,"menu_order":0,"comment_status":"closed","ping_status":"closed","template":"","meta":{"footnotes":""},"class_list":["post-6677","page","type-page","status-publish","hentry"],"yoast_head":"<!-- This site is optimized with the Yoast SEO plugin v27.2 - https:\/\/yoast.com\/product\/yoast-seo-wordpress\/ -->\n<title>Compra Segura - TERRENOS NA FLORIDA<\/title>\n<meta name=\"description\" content=\"Es muy seguro comprar propiedades aqu\u00ed en los EUA, todo se hace a trav\u00e9s de la oficina de registro de la propiedad.La escritura es 100% segura...\" \/>\n<meta name=\"robots\" content=\"index, follow, max-snippet:-1, max-image-preview:large, max-video-preview:-1\" \/>\n<link rel=\"canonical\" href=\"https:\/\/terrenosnaflorida.com\/es\/compra-segura\/\" \/>\n<meta property=\"og:locale\" content=\"es_ES\" \/>\n<meta property=\"og:type\" content=\"article\" \/>\n<meta property=\"og:title\" content=\"Compra Segura - TERRENOS NA FLORIDA\" \/>\n<meta property=\"og:description\" content=\"Es muy seguro comprar propiedades aqu\u00ed en los EUA, todo se hace a trav\u00e9s de la oficina de registro de la propiedad.La escritura es 100% segura...\" \/>\n<meta property=\"og:url\" content=\"https:\/\/terrenosnaflorida.com\/es\/compra-segura\/\" \/>\n<meta property=\"og:site_name\" content=\"TERRENOS NA FLORIDA\" \/>\n<meta property=\"article:modified_time\" content=\"2018-07-17T13:06:20+00:00\" \/>\n<meta name=\"twitter:card\" content=\"summary_large_image\" \/>\n<script type=\"application\/ld+json\" class=\"yoast-schema-graph\">{\"@context\":\"https:\/\/schema.org\",\"@graph\":[{\"@type\":\"WebPage\",\"@id\":\"https:\/\/terrenosnaflorida.com\/es\/compra-segura\/\",\"url\":\"https:\/\/terrenosnaflorida.com\/es\/compra-segura\/\",\"name\":\"Compra Segura - TERRENOS NA FLORIDA\",\"isPartOf\":{\"@id\":\"https:\/\/terrenosnaflorida.com\/es\/#website\"},\"datePublished\":\"2018-01-03T13:14:14+00:00\",\"dateModified\":\"2018-07-17T13:06:20+00:00\",\"description\":\"Es muy seguro comprar propiedades aqu\u00ed en los EUA, todo se hace a trav\u00e9s de la oficina de registro de la propiedad.La escritura es 100% segura...\",\"breadcrumb\":{\"@id\":\"https:\/\/terrenosnaflorida.com\/es\/compra-segura\/#breadcrumb\"},\"inLanguage\":\"es\",\"potentialAction\":[{\"@type\":\"ReadAction\",\"target\":[\"https:\/\/terrenosnaflorida.com\/es\/compra-segura\/\"]}]},{\"@type\":\"BreadcrumbList\",\"@id\":\"https:\/\/terrenosnaflorida.com\/es\/compra-segura\/#breadcrumb\",\"itemListElement\":[{\"@type\":\"ListItem\",\"position\":1,\"name\":\"In\u00edcio\",\"item\":\"https:\/\/terrenosnaflorida.com\/es\/\"},{\"@type\":\"ListItem\",\"position\":2,\"name\":\"Compra Segura\"}]},{\"@type\":\"WebSite\",\"@id\":\"https:\/\/terrenosnaflorida.com\/es\/#website\",\"url\":\"https:\/\/terrenosnaflorida.com\/es\/\",\"name\":\"TERRENOS NA FLORIDA\",\"description\":\"Im\u00f3veis &amp; Terreno \u00e0 venda em Fl\u00f3rida\",\"potentialAction\":[{\"@type\":\"SearchAction\",\"target\":{\"@type\":\"EntryPoint\",\"urlTemplate\":\"https:\/\/terrenosnaflorida.com\/es\/?s={search_term_string}\"},\"query-input\":{\"@type\":\"PropertyValueSpecification\",\"valueRequired\":true,\"valueName\":\"search_term_string\"}}],\"inLanguage\":\"es\"}]}<\/script>\n<!-- \/ Yoast SEO plugin. -->","yoast_head_json":{"title":"Compra Segura - TERRENOS NA FLORIDA","description":"Es muy seguro comprar propiedades aqu\u00ed en los EUA, todo se hace a trav\u00e9s de la oficina de registro de la propiedad.La escritura es 100% segura...","robots":{"index":"index","follow":"follow","max-snippet":"max-snippet:-1","max-image-preview":"max-image-preview:large","max-video-preview":"max-video-preview:-1"},"canonical":"https:\/\/terrenosnaflorida.com\/es\/compra-segura\/","og_locale":"es_ES","og_type":"article","og_title":"Compra Segura - TERRENOS NA FLORIDA","og_description":"Es muy seguro comprar propiedades aqu\u00ed en los EUA, todo se hace a trav\u00e9s de la oficina de registro de la propiedad.La escritura es 100% segura...","og_url":"https:\/\/terrenosnaflorida.com\/es\/compra-segura\/","og_site_name":"TERRENOS NA FLORIDA","article_modified_time":"2018-07-17T13:06:20+00:00","twitter_card":"summary_large_image","schema":{"@context":"https:\/\/schema.org","@graph":[{"@type":"WebPage","@id":"https:\/\/terrenosnaflorida.com\/es\/compra-segura\/","url":"https:\/\/terrenosnaflorida.com\/es\/compra-segura\/","name":"Compra Segura - TERRENOS NA FLORIDA","isPartOf":{"@id":"https:\/\/terrenosnaflorida.com\/es\/#website"},"datePublished":"2018-01-03T13:14:14+00:00","dateModified":"2018-07-17T13:06:20+00:00","description":"Es muy seguro comprar propiedades aqu\u00ed en los EUA, todo se hace a trav\u00e9s de la oficina de registro de la propiedad.La escritura es 100% segura...","breadcrumb":{"@id":"https:\/\/terrenosnaflorida.com\/es\/compra-segura\/#breadcrumb"},"inLanguage":"es","potentialAction":[{"@type":"ReadAction","target":["https:\/\/terrenosnaflorida.com\/es\/compra-segura\/"]}]},{"@type":"BreadcrumbList","@id":"https:\/\/terrenosnaflorida.com\/es\/compra-segura\/#breadcrumb","itemListElement":[{"@type":"ListItem","position":1,"name":"In\u00edcio","item":"https:\/\/terrenosnaflorida.com\/es\/"},{"@type":"ListItem","position":2,"name":"Compra Segura"}]},{"@type":"WebSite","@id":"https:\/\/terrenosnaflorida.com\/es\/#website","url":"https:\/\/terrenosnaflorida.com\/es\/","name":"TERRENOS NA FLORIDA","description":"Im\u00f3veis &amp; Terreno \u00e0 venda em Fl\u00f3rida","potentialAction":[{"@type":"SearchAction","target":{"@type":"EntryPoint","urlTemplate":"https:\/\/terrenosnaflorida.com\/es\/?s={search_term_string}"},"query-input":{"@type":"PropertyValueSpecification","valueRequired":true,"valueName":"search_term_string"}}],"inLanguage":"es"}]}},"_links":{"self":[{"href":"https:\/\/terrenosnaflorida.com\/es\/wp-json\/wp\/v2\/pages\/6677","targetHints":{"allow":["GET"]}}],"collection":[{"href":"https:\/\/terrenosnaflorida.com\/es\/wp-json\/wp\/v2\/pages"}],"about":[{"href":"https:\/\/terrenosnaflorida.com\/es\/wp-json\/wp\/v2\/types\/page"}],"author":[{"embeddable":true,"href":"https:\/\/terrenosnaflorida.com\/es\/wp-json\/wp\/v2\/users\/3"}],"replies":[{"embeddable":true,"href":"https:\/\/terrenosnaflorida.com\/es\/wp-json\/wp\/v2\/comments?post=6677"}],"version-history":[{"count":0,"href":"https:\/\/terrenosnaflorida.com\/es\/wp-json\/wp\/v2\/pages\/6677\/revisions"}],"wp:attachment":[{"href":"https:\/\/terrenosnaflorida.com\/es\/wp-json\/wp\/v2\/media?parent=6677"}],"curies":[{"name":"wp","href":"https:\/\/api.w.org\/{rel}","templated":true}]}}