{"id":12348,"date":"2018-06-04T09:57:15","date_gmt":"2018-06-04T12:57:15","guid":{"rendered":"http:\/\/sitenovo.terrenosnaflorida.com\/lands\/florida\/lake-wales\/"},"modified":"2018-07-18T11:32:09","modified_gmt":"2018-07-18T14:32:09","slug":"lake-wales","status":"publish","type":"page","link":"https:\/\/terrenosnaflorida.com\/en\/lands\/florida\/lake-wales\/","title":{"rendered":"Lands Lake Wales"},"content":{"rendered":"","protected":false},"excerpt":{"rendered":"","protected":false},"author":4,"featured_media":0,"parent":12145,"menu_order":0,"comment_status":"closed","ping_status":"closed","template":"templates\/properties.php","meta":{"footnotes":""},"class_list":["post-12348","page","type-page","status-publish","hentry"],"yoast_head":"<!-- This site is optimized with the Yoast SEO plugin v27.2 - https:\/\/yoast.com\/product\/yoast-seo-wordpress\/ -->\n<title>Land in Lake Wales Florida | Orlando - Miami | Land in Florida<\/title>\n<meta name=\"description\" content=\"The best Land in Lake Wales Florida you can find here! Search and Filter for properties that fit in your pocket. Professionals...\" \/>\n<meta name=\"robots\" content=\"index, follow, max-snippet:-1, max-image-preview:large, max-video-preview:-1\" \/>\n<link rel=\"canonical\" href=\"https:\/\/terrenosnaflorida.com\/en\/lands\/florida\/lake-wales\/\" \/>\n<meta property=\"og:locale\" content=\"en_US\" \/>\n<meta property=\"og:type\" content=\"article\" \/>\n<meta property=\"og:title\" content=\"Land in Lake Wales Florida | Orlando - Miami | Land in Florida\" \/>\n<meta property=\"og:description\" content=\"The best Land in Lake Wales Florida you can find here! Search and Filter for properties that fit in your pocket. Professionals...\" \/>\n<meta property=\"og:url\" content=\"https:\/\/terrenosnaflorida.com\/en\/lands\/florida\/lake-wales\/\" \/>\n<meta property=\"og:site_name\" content=\"TERRENOS NA FLORIDA\" \/>\n<meta property=\"article:modified_time\" content=\"2018-07-18T14:32:09+00:00\" \/>\n<meta name=\"twitter:card\" content=\"summary_large_image\" \/>\n<script type=\"application\/ld+json\" class=\"yoast-schema-graph\">{\"@context\":\"https:\/\/schema.org\",\"@graph\":[{\"@type\":\"WebPage\",\"@id\":\"https:\/\/terrenosnaflorida.com\/en\/lands\/florida\/lake-wales\/\",\"url\":\"https:\/\/terrenosnaflorida.com\/en\/lands\/florida\/lake-wales\/\",\"name\":\"Land in Lake Wales Florida | Orlando - Miami | Land in Florida\",\"isPartOf\":{\"@id\":\"https:\/\/terrenosnaflorida.com\/en\/#website\"},\"datePublished\":\"2018-06-04T12:57:15+00:00\",\"dateModified\":\"2018-07-18T14:32:09+00:00\",\"description\":\"The best Land in Lake Wales Florida you can find here! Search and Filter for properties that fit in your pocket. Professionals...\",\"breadcrumb\":{\"@id\":\"https:\/\/terrenosnaflorida.com\/en\/lands\/florida\/lake-wales\/#breadcrumb\"},\"inLanguage\":\"en-US\",\"potentialAction\":[{\"@type\":\"ReadAction\",\"target\":[\"https:\/\/terrenosnaflorida.com\/en\/lands\/florida\/lake-wales\/\"]}]},{\"@type\":\"BreadcrumbList\",\"@id\":\"https:\/\/terrenosnaflorida.com\/en\/lands\/florida\/lake-wales\/#breadcrumb\",\"itemListElement\":[{\"@type\":\"ListItem\",\"position\":1,\"name\":\"In\u00edcio\",\"item\":\"https:\/\/terrenosnaflorida.com\/en\/\"},{\"@type\":\"ListItem\",\"position\":2,\"name\":\"All Lands\",\"item\":\"https:\/\/terrenosnaflorida.com\/en\/lands\/\"},{\"@type\":\"ListItem\",\"position\":3,\"name\":\"Land in Florida\",\"item\":\"https:\/\/terrenosnaflorida.com\/en\/lands\/florida\/\"},{\"@type\":\"ListItem\",\"position\":4,\"name\":\"Lands Lake Wales\"}]},{\"@type\":\"WebSite\",\"@id\":\"https:\/\/terrenosnaflorida.com\/en\/#website\",\"url\":\"https:\/\/terrenosnaflorida.com\/en\/\",\"name\":\"TERRENOS NA FLORIDA\",\"description\":\"Im\u00f3veis &amp; Terreno \u00e0 venda em Fl\u00f3rida\",\"potentialAction\":[{\"@type\":\"SearchAction\",\"target\":{\"@type\":\"EntryPoint\",\"urlTemplate\":\"https:\/\/terrenosnaflorida.com\/en\/?s={search_term_string}\"},\"query-input\":{\"@type\":\"PropertyValueSpecification\",\"valueRequired\":true,\"valueName\":\"search_term_string\"}}],\"inLanguage\":\"en-US\"}]}<\/script>\n<!-- \/ Yoast SEO plugin. -->","yoast_head_json":{"title":"Land in Lake Wales Florida | Orlando - Miami | Land in Florida","description":"The best Land in Lake Wales Florida you can find here! Search and Filter for properties that fit in your pocket. Professionals...","robots":{"index":"index","follow":"follow","max-snippet":"max-snippet:-1","max-image-preview":"max-image-preview:large","max-video-preview":"max-video-preview:-1"},"canonical":"https:\/\/terrenosnaflorida.com\/en\/lands\/florida\/lake-wales\/","og_locale":"en_US","og_type":"article","og_title":"Land in Lake Wales Florida | Orlando - Miami | Land in Florida","og_description":"The best Land in Lake Wales Florida you can find here! Search and Filter for properties that fit in your pocket. Professionals...","og_url":"https:\/\/terrenosnaflorida.com\/en\/lands\/florida\/lake-wales\/","og_site_name":"TERRENOS NA FLORIDA","article_modified_time":"2018-07-18T14:32:09+00:00","twitter_card":"summary_large_image","schema":{"@context":"https:\/\/schema.org","@graph":[{"@type":"WebPage","@id":"https:\/\/terrenosnaflorida.com\/en\/lands\/florida\/lake-wales\/","url":"https:\/\/terrenosnaflorida.com\/en\/lands\/florida\/lake-wales\/","name":"Land in Lake Wales Florida | Orlando - Miami | Land in Florida","isPartOf":{"@id":"https:\/\/terrenosnaflorida.com\/en\/#website"},"datePublished":"2018-06-04T12:57:15+00:00","dateModified":"2018-07-18T14:32:09+00:00","description":"The best Land in Lake Wales Florida you can find here! Search and Filter for properties that fit in your pocket. Professionals...","breadcrumb":{"@id":"https:\/\/terrenosnaflorida.com\/en\/lands\/florida\/lake-wales\/#breadcrumb"},"inLanguage":"en-US","potentialAction":[{"@type":"ReadAction","target":["https:\/\/terrenosnaflorida.com\/en\/lands\/florida\/lake-wales\/"]}]},{"@type":"BreadcrumbList","@id":"https:\/\/terrenosnaflorida.com\/en\/lands\/florida\/lake-wales\/#breadcrumb","itemListElement":[{"@type":"ListItem","position":1,"name":"In\u00edcio","item":"https:\/\/terrenosnaflorida.com\/en\/"},{"@type":"ListItem","position":2,"name":"All Lands","item":"https:\/\/terrenosnaflorida.com\/en\/lands\/"},{"@type":"ListItem","position":3,"name":"Land in Florida","item":"https:\/\/terrenosnaflorida.com\/en\/lands\/florida\/"},{"@type":"ListItem","position":4,"name":"Lands Lake Wales"}]},{"@type":"WebSite","@id":"https:\/\/terrenosnaflorida.com\/en\/#website","url":"https:\/\/terrenosnaflorida.com\/en\/","name":"TERRENOS NA FLORIDA","description":"Im\u00f3veis &amp; Terreno \u00e0 venda em Fl\u00f3rida","potentialAction":[{"@type":"SearchAction","target":{"@type":"EntryPoint","urlTemplate":"https:\/\/terrenosnaflorida.com\/en\/?s={search_term_string}"},"query-input":{"@type":"PropertyValueSpecification","valueRequired":true,"valueName":"search_term_string"}}],"inLanguage":"en-US"}]}},"_links":{"self":[{"href":"https:\/\/terrenosnaflorida.com\/en\/wp-json\/wp\/v2\/pages\/12348","targetHints":{"allow":["GET"]}}],"collection":[{"href":"https:\/\/terrenosnaflorida.com\/en\/wp-json\/wp\/v2\/pages"}],"about":[{"href":"https:\/\/terrenosnaflorida.com\/en\/wp-json\/wp\/v2\/types\/page"}],"author":[{"embeddable":true,"href":"https:\/\/terrenosnaflorida.com\/en\/wp-json\/wp\/v2\/users\/4"}],"replies":[{"embeddable":true,"href":"https:\/\/terrenosnaflorida.com\/en\/wp-json\/wp\/v2\/comments?post=12348"}],"version-history":[{"count":0,"href":"https:\/\/terrenosnaflorida.com\/en\/wp-json\/wp\/v2\/pages\/12348\/revisions"}],"up":[{"embeddable":true,"href":"https:\/\/terrenosnaflorida.com\/en\/wp-json\/wp\/v2\/pages\/12145"}],"wp:attachment":[{"href":"https:\/\/terrenosnaflorida.com\/en\/wp-json\/wp\/v2\/media?parent=12348"}],"curies":[{"name":"wp","href":"https:\/\/api.w.org\/{rel}","templated":true}]}}