{"id":12340,"date":"2017-12-14T20:47:21","date_gmt":"2017-12-14T22:47:21","guid":{"rendered":"http:\/\/sitenovo.terrenosnaflorida.com\/lands\/florida\/boca-grande\/"},"modified":"2018-07-18T11:27:14","modified_gmt":"2018-07-18T14:27:14","slug":"boca-grande","status":"publish","type":"page","link":"https:\/\/terrenosnaflorida.com\/en\/lands\/florida\/boca-grande\/","title":{"rendered":"Properties Boca Grande"},"content":{"rendered":"<p>[vc_row][vc_column][vc_column_text]<\/p>\n<p style=\"text-align: center;\"><span style=\"color: #003366;\"><strong>Top Land in Boca Grande!<\/strong><\/span><\/p>\n<p>[\/vc_column_text][\/vc_column][\/vc_row]<\/p>\n","protected":false},"excerpt":{"rendered":"<p>[vc_row][vc_column][vc_column_text] Top Land in Boca Grande! [\/vc_column_text][\/vc_column][\/vc_row]<\/p>\n","protected":false},"author":3,"featured_media":0,"parent":12145,"menu_order":0,"comment_status":"closed","ping_status":"closed","template":"templates\/properties.php","meta":{"footnotes":""},"class_list":["post-12340","page","type-page","status-publish","hentry"],"yoast_head":"<!-- This site is optimized with the Yoast SEO plugin v27.2 - https:\/\/yoast.com\/product\/yoast-seo-wordpress\/ -->\n<title>Land in Boca Grande Florida | Orlando - Miami | Land in Florida<\/title>\n<meta name=\"description\" content=\"The best land in Boca Grande Florida you will find it! Search and Filter for properties that fit in your pocket. Professionals to help with ...\" \/>\n<meta name=\"robots\" content=\"index, follow, max-snippet:-1, max-image-preview:large, max-video-preview:-1\" \/>\n<link rel=\"canonical\" href=\"https:\/\/terrenosnaflorida.com\/en\/lands\/florida\/boca-grande\/\" \/>\n<meta property=\"og:locale\" content=\"en_US\" \/>\n<meta property=\"og:type\" content=\"article\" \/>\n<meta property=\"og:title\" content=\"Land in Boca Grande Florida | Orlando - Miami | Land in Florida\" \/>\n<meta property=\"og:description\" content=\"The best land in Boca Grande Florida you will find it! Search and Filter for properties that fit in your pocket. Professionals to help with ...\" \/>\n<meta property=\"og:url\" content=\"https:\/\/terrenosnaflorida.com\/en\/lands\/florida\/boca-grande\/\" \/>\n<meta property=\"og:site_name\" content=\"TERRENOS NA FLORIDA\" \/>\n<meta property=\"article:modified_time\" content=\"2018-07-18T14:27:14+00:00\" \/>\n<meta name=\"twitter:card\" content=\"summary_large_image\" \/>\n<script type=\"application\/ld+json\" class=\"yoast-schema-graph\">{\"@context\":\"https:\/\/schema.org\",\"@graph\":[{\"@type\":\"WebPage\",\"@id\":\"https:\/\/terrenosnaflorida.com\/en\/lands\/florida\/boca-grande\/\",\"url\":\"https:\/\/terrenosnaflorida.com\/en\/lands\/florida\/boca-grande\/\",\"name\":\"Land in Boca Grande Florida | Orlando - Miami | Land in Florida\",\"isPartOf\":{\"@id\":\"https:\/\/terrenosnaflorida.com\/en\/#website\"},\"datePublished\":\"2017-12-14T22:47:21+00:00\",\"dateModified\":\"2018-07-18T14:27:14+00:00\",\"description\":\"The best land in Boca Grande Florida you will find it! Search and Filter for properties that fit in your pocket. Professionals to help with ...\",\"breadcrumb\":{\"@id\":\"https:\/\/terrenosnaflorida.com\/en\/lands\/florida\/boca-grande\/#breadcrumb\"},\"inLanguage\":\"en-US\",\"potentialAction\":[{\"@type\":\"ReadAction\",\"target\":[\"https:\/\/terrenosnaflorida.com\/en\/lands\/florida\/boca-grande\/\"]}]},{\"@type\":\"BreadcrumbList\",\"@id\":\"https:\/\/terrenosnaflorida.com\/en\/lands\/florida\/boca-grande\/#breadcrumb\",\"itemListElement\":[{\"@type\":\"ListItem\",\"position\":1,\"name\":\"In\u00edcio\",\"item\":\"https:\/\/terrenosnaflorida.com\/en\/\"},{\"@type\":\"ListItem\",\"position\":2,\"name\":\"All Lands\",\"item\":\"https:\/\/terrenosnaflorida.com\/en\/lands\/\"},{\"@type\":\"ListItem\",\"position\":3,\"name\":\"Land in Florida\",\"item\":\"https:\/\/terrenosnaflorida.com\/en\/lands\/florida\/\"},{\"@type\":\"ListItem\",\"position\":4,\"name\":\"Properties Boca Grande\"}]},{\"@type\":\"WebSite\",\"@id\":\"https:\/\/terrenosnaflorida.com\/en\/#website\",\"url\":\"https:\/\/terrenosnaflorida.com\/en\/\",\"name\":\"TERRENOS NA FLORIDA\",\"description\":\"Im\u00f3veis &amp; Terreno \u00e0 venda em Fl\u00f3rida\",\"potentialAction\":[{\"@type\":\"SearchAction\",\"target\":{\"@type\":\"EntryPoint\",\"urlTemplate\":\"https:\/\/terrenosnaflorida.com\/en\/?s={search_term_string}\"},\"query-input\":{\"@type\":\"PropertyValueSpecification\",\"valueRequired\":true,\"valueName\":\"search_term_string\"}}],\"inLanguage\":\"en-US\"}]}<\/script>\n<!-- \/ Yoast SEO plugin. -->","yoast_head_json":{"title":"Land in Boca Grande Florida | Orlando - Miami | Land in Florida","description":"The best land in Boca Grande Florida you will find it! Search and Filter for properties that fit in your pocket. Professionals to help with ...","robots":{"index":"index","follow":"follow","max-snippet":"max-snippet:-1","max-image-preview":"max-image-preview:large","max-video-preview":"max-video-preview:-1"},"canonical":"https:\/\/terrenosnaflorida.com\/en\/lands\/florida\/boca-grande\/","og_locale":"en_US","og_type":"article","og_title":"Land in Boca Grande Florida | Orlando - Miami | Land in Florida","og_description":"The best land in Boca Grande Florida you will find it! Search and Filter for properties that fit in your pocket. Professionals to help with ...","og_url":"https:\/\/terrenosnaflorida.com\/en\/lands\/florida\/boca-grande\/","og_site_name":"TERRENOS NA FLORIDA","article_modified_time":"2018-07-18T14:27:14+00:00","twitter_card":"summary_large_image","schema":{"@context":"https:\/\/schema.org","@graph":[{"@type":"WebPage","@id":"https:\/\/terrenosnaflorida.com\/en\/lands\/florida\/boca-grande\/","url":"https:\/\/terrenosnaflorida.com\/en\/lands\/florida\/boca-grande\/","name":"Land in Boca Grande Florida | Orlando - Miami | Land in Florida","isPartOf":{"@id":"https:\/\/terrenosnaflorida.com\/en\/#website"},"datePublished":"2017-12-14T22:47:21+00:00","dateModified":"2018-07-18T14:27:14+00:00","description":"The best land in Boca Grande Florida you will find it! Search and Filter for properties that fit in your pocket. Professionals to help with ...","breadcrumb":{"@id":"https:\/\/terrenosnaflorida.com\/en\/lands\/florida\/boca-grande\/#breadcrumb"},"inLanguage":"en-US","potentialAction":[{"@type":"ReadAction","target":["https:\/\/terrenosnaflorida.com\/en\/lands\/florida\/boca-grande\/"]}]},{"@type":"BreadcrumbList","@id":"https:\/\/terrenosnaflorida.com\/en\/lands\/florida\/boca-grande\/#breadcrumb","itemListElement":[{"@type":"ListItem","position":1,"name":"In\u00edcio","item":"https:\/\/terrenosnaflorida.com\/en\/"},{"@type":"ListItem","position":2,"name":"All Lands","item":"https:\/\/terrenosnaflorida.com\/en\/lands\/"},{"@type":"ListItem","position":3,"name":"Land in Florida","item":"https:\/\/terrenosnaflorida.com\/en\/lands\/florida\/"},{"@type":"ListItem","position":4,"name":"Properties Boca Grande"}]},{"@type":"WebSite","@id":"https:\/\/terrenosnaflorida.com\/en\/#website","url":"https:\/\/terrenosnaflorida.com\/en\/","name":"TERRENOS NA FLORIDA","description":"Im\u00f3veis &amp; Terreno \u00e0 venda em Fl\u00f3rida","potentialAction":[{"@type":"SearchAction","target":{"@type":"EntryPoint","urlTemplate":"https:\/\/terrenosnaflorida.com\/en\/?s={search_term_string}"},"query-input":{"@type":"PropertyValueSpecification","valueRequired":true,"valueName":"search_term_string"}}],"inLanguage":"en-US"}]}},"_links":{"self":[{"href":"https:\/\/terrenosnaflorida.com\/en\/wp-json\/wp\/v2\/pages\/12340","targetHints":{"allow":["GET"]}}],"collection":[{"href":"https:\/\/terrenosnaflorida.com\/en\/wp-json\/wp\/v2\/pages"}],"about":[{"href":"https:\/\/terrenosnaflorida.com\/en\/wp-json\/wp\/v2\/types\/page"}],"author":[{"embeddable":true,"href":"https:\/\/terrenosnaflorida.com\/en\/wp-json\/wp\/v2\/users\/3"}],"replies":[{"embeddable":true,"href":"https:\/\/terrenosnaflorida.com\/en\/wp-json\/wp\/v2\/comments?post=12340"}],"version-history":[{"count":0,"href":"https:\/\/terrenosnaflorida.com\/en\/wp-json\/wp\/v2\/pages\/12340\/revisions"}],"up":[{"embeddable":true,"href":"https:\/\/terrenosnaflorida.com\/en\/wp-json\/wp\/v2\/pages\/12145"}],"wp:attachment":[{"href":"https:\/\/terrenosnaflorida.com\/en\/wp-json\/wp\/v2\/media?parent=12340"}],"curies":[{"name":"wp","href":"https:\/\/api.w.org\/{rel}","templated":true}]}}