{"id":11903,"date":"2018-05-10T08:22:02","date_gmt":"2018-05-10T11:22:02","guid":{"rendered":"http:\/\/sitenovo.terrenosnaflorida.com\/terrenos\/"},"modified":"2018-07-17T14:12:47","modified_gmt":"2018-07-17T17:12:47","slug":"lands","status":"publish","type":"page","link":"https:\/\/terrenosnaflorida.com\/en\/lands\/","title":{"rendered":"All Lands"},"content":{"rendered":"","protected":false},"excerpt":{"rendered":"","protected":false},"author":4,"featured_media":0,"parent":0,"menu_order":0,"comment_status":"closed","ping_status":"closed","template":"templates\/properties.php","meta":{"footnotes":""},"class_list":["post-11903","page","type-page","status-publish","hentry"],"yoast_head":"<!-- This site is optimized with the Yoast SEO plugin v27.2 - https:\/\/yoast.com\/product\/yoast-seo-wordpress\/ -->\n<title>Best Land in Florida | Orlando - Miami | Land in Florida<\/title>\n<meta name=\"description\" content=\"The best land in Florida you can find here! Search and Filter for properties that fit in your pocket. Professionals to help with all the process ... Investing in Florida, Miami, Orlando ...\" \/>\n<meta name=\"robots\" content=\"index, follow, max-snippet:-1, max-image-preview:large, max-video-preview:-1\" \/>\n<link rel=\"canonical\" href=\"https:\/\/terrenosnaflorida.com\/en\/lands\/\" \/>\n<meta property=\"og:locale\" content=\"en_US\" \/>\n<meta property=\"og:type\" content=\"article\" \/>\n<meta property=\"og:title\" content=\"Best Land in Florida | Orlando - Miami | Land in Florida\" \/>\n<meta property=\"og:description\" content=\"The best land in Florida you can find here! Search and Filter for properties that fit in your pocket. Professionals to help with all the process ... Investing in Florida, Miami, Orlando ...\" \/>\n<meta property=\"og:url\" content=\"https:\/\/terrenosnaflorida.com\/en\/lands\/\" \/>\n<meta property=\"og:site_name\" content=\"TERRENOS NA FLORIDA\" \/>\n<meta property=\"article:modified_time\" content=\"2018-07-17T17:12:47+00:00\" \/>\n<meta name=\"twitter:card\" content=\"summary_large_image\" \/>\n<script type=\"application\/ld+json\" class=\"yoast-schema-graph\">{\"@context\":\"https:\/\/schema.org\",\"@graph\":[{\"@type\":\"WebPage\",\"@id\":\"https:\/\/terrenosnaflorida.com\/en\/lands\/\",\"url\":\"https:\/\/terrenosnaflorida.com\/en\/lands\/\",\"name\":\"Best Land in Florida | Orlando - Miami | Land in Florida\",\"isPartOf\":{\"@id\":\"https:\/\/terrenosnaflorida.com\/en\/#website\"},\"datePublished\":\"2018-05-10T11:22:02+00:00\",\"dateModified\":\"2018-07-17T17:12:47+00:00\",\"description\":\"The best land in Florida you can find here! Search and Filter for properties that fit in your pocket. Professionals to help with all the process ... Investing in Florida, Miami, Orlando ...\",\"breadcrumb\":{\"@id\":\"https:\/\/terrenosnaflorida.com\/en\/lands\/#breadcrumb\"},\"inLanguage\":\"en-US\",\"potentialAction\":[{\"@type\":\"ReadAction\",\"target\":[\"https:\/\/terrenosnaflorida.com\/en\/lands\/\"]}]},{\"@type\":\"BreadcrumbList\",\"@id\":\"https:\/\/terrenosnaflorida.com\/en\/lands\/#breadcrumb\",\"itemListElement\":[{\"@type\":\"ListItem\",\"position\":1,\"name\":\"In\u00edcio\",\"item\":\"https:\/\/terrenosnaflorida.com\/en\/\"},{\"@type\":\"ListItem\",\"position\":2,\"name\":\"All Lands\"}]},{\"@type\":\"WebSite\",\"@id\":\"https:\/\/terrenosnaflorida.com\/en\/#website\",\"url\":\"https:\/\/terrenosnaflorida.com\/en\/\",\"name\":\"TERRENOS NA FLORIDA\",\"description\":\"Im\u00f3veis &amp; Terreno \u00e0 venda em Fl\u00f3rida\",\"potentialAction\":[{\"@type\":\"SearchAction\",\"target\":{\"@type\":\"EntryPoint\",\"urlTemplate\":\"https:\/\/terrenosnaflorida.com\/en\/?s={search_term_string}\"},\"query-input\":{\"@type\":\"PropertyValueSpecification\",\"valueRequired\":true,\"valueName\":\"search_term_string\"}}],\"inLanguage\":\"en-US\"}]}<\/script>\n<!-- \/ Yoast SEO plugin. -->","yoast_head_json":{"title":"Best Land in Florida | Orlando - Miami | Land in Florida","description":"The best land in Florida you can find here! Search and Filter for properties that fit in your pocket. Professionals to help with all the process ... Investing in Florida, Miami, Orlando ...","robots":{"index":"index","follow":"follow","max-snippet":"max-snippet:-1","max-image-preview":"max-image-preview:large","max-video-preview":"max-video-preview:-1"},"canonical":"https:\/\/terrenosnaflorida.com\/en\/lands\/","og_locale":"en_US","og_type":"article","og_title":"Best Land in Florida | Orlando - Miami | Land in Florida","og_description":"The best land in Florida you can find here! Search and Filter for properties that fit in your pocket. Professionals to help with all the process ... Investing in Florida, Miami, Orlando ...","og_url":"https:\/\/terrenosnaflorida.com\/en\/lands\/","og_site_name":"TERRENOS NA FLORIDA","article_modified_time":"2018-07-17T17:12:47+00:00","twitter_card":"summary_large_image","schema":{"@context":"https:\/\/schema.org","@graph":[{"@type":"WebPage","@id":"https:\/\/terrenosnaflorida.com\/en\/lands\/","url":"https:\/\/terrenosnaflorida.com\/en\/lands\/","name":"Best Land in Florida | Orlando - Miami | Land in Florida","isPartOf":{"@id":"https:\/\/terrenosnaflorida.com\/en\/#website"},"datePublished":"2018-05-10T11:22:02+00:00","dateModified":"2018-07-17T17:12:47+00:00","description":"The best land in Florida you can find here! Search and Filter for properties that fit in your pocket. Professionals to help with all the process ... Investing in Florida, Miami, Orlando ...","breadcrumb":{"@id":"https:\/\/terrenosnaflorida.com\/en\/lands\/#breadcrumb"},"inLanguage":"en-US","potentialAction":[{"@type":"ReadAction","target":["https:\/\/terrenosnaflorida.com\/en\/lands\/"]}]},{"@type":"BreadcrumbList","@id":"https:\/\/terrenosnaflorida.com\/en\/lands\/#breadcrumb","itemListElement":[{"@type":"ListItem","position":1,"name":"In\u00edcio","item":"https:\/\/terrenosnaflorida.com\/en\/"},{"@type":"ListItem","position":2,"name":"All Lands"}]},{"@type":"WebSite","@id":"https:\/\/terrenosnaflorida.com\/en\/#website","url":"https:\/\/terrenosnaflorida.com\/en\/","name":"TERRENOS NA FLORIDA","description":"Im\u00f3veis &amp; Terreno \u00e0 venda em Fl\u00f3rida","potentialAction":[{"@type":"SearchAction","target":{"@type":"EntryPoint","urlTemplate":"https:\/\/terrenosnaflorida.com\/en\/?s={search_term_string}"},"query-input":{"@type":"PropertyValueSpecification","valueRequired":true,"valueName":"search_term_string"}}],"inLanguage":"en-US"}]}},"_links":{"self":[{"href":"https:\/\/terrenosnaflorida.com\/en\/wp-json\/wp\/v2\/pages\/11903","targetHints":{"allow":["GET"]}}],"collection":[{"href":"https:\/\/terrenosnaflorida.com\/en\/wp-json\/wp\/v2\/pages"}],"about":[{"href":"https:\/\/terrenosnaflorida.com\/en\/wp-json\/wp\/v2\/types\/page"}],"author":[{"embeddable":true,"href":"https:\/\/terrenosnaflorida.com\/en\/wp-json\/wp\/v2\/users\/4"}],"replies":[{"embeddable":true,"href":"https:\/\/terrenosnaflorida.com\/en\/wp-json\/wp\/v2\/comments?post=11903"}],"version-history":[{"count":0,"href":"https:\/\/terrenosnaflorida.com\/en\/wp-json\/wp\/v2\/pages\/11903\/revisions"}],"wp:attachment":[{"href":"https:\/\/terrenosnaflorida.com\/en\/wp-json\/wp\/v2\/media?parent=11903"}],"curies":[{"name":"wp","href":"https:\/\/api.w.org\/{rel}","templated":true}]}}