{"id":11868,"date":"2018-01-29T16:01:13","date_gmt":"2018-01-29T18:01:13","guid":{"rendered":"http:\/\/sitenovo.terrenosnaflorida.com\/seja-um-representante\/"},"modified":"2018-07-17T13:35:37","modified_gmt":"2018-07-17T16:35:37","slug":"be-a-representative","status":"publish","type":"page","link":"https:\/\/terrenosnaflorida.com\/en\/be-a-representative\/","title":{"rendered":"BE A REPRESENTATIVE"},"content":{"rendered":"<p>[vc_row][vc_column][vc_text_separator title=&#8221;SPECIAL CONDITIONS FOR REPRESENTATIVES&#8221; border_width=&#8221;2&#8243;][vc_empty_space][vc_column_text]<\/p>\n<h2 style=\"text-align: center;\"><span style=\"color: #000080;\">WE LOOK FOR REPRESENTATIVES WORLDWIDE!<\/span><\/h2>\n<h3 style=\"text-align: center;\"><strong><span style=\"color: #ff0000;\">EXCELLENT COMMISSION<\/span><\/strong><\/h3>\n<p>[\/vc_column_text][\/vc_column][\/vc_row][vc_row disable_element=&#8221;yes&#8221;][vc_column][vc_text_separator title=&#8221;ENTRE EM CONTATO&#8221; border_width=&#8221;2&#8243;][\/vc_column][\/vc_row][vc_row disable_element=&#8221;yes&#8221;][vc_column width=&#8221;1\/4&#8243;][vc_raw_html]JTNDcCUzRSUzQ3NwYW4lMjBzdHlsZSUzRCUyMmNvbG9yJTNBJTIwJTIzMDAzMzY2JTNCJTIyJTNFJTNDc3Ryb25nJTNFUyVDMyVBM28lMjBQYXVsbyUzQyUyRnN0cm9uZyUzRSUzQyUyRnNwYW4lM0UlM0NiciUyMCUyRiUzRSUwQSUzQ3NwYW4lMjBzdHlsZSUzRCUyMmNvbG9yJTNBJTIwJTIzMzMzMzMzJTNCJTIyJTNFJTNDaSUyMGNsYXNzJTNEJTIyZmElMjBmYS1waG9uZSUyMiUyMGFyaWEtaGlkZGVuJTNEJTIydHJ1ZSUyMiUzRSUzQyUyRmklM0UlMjAlMjgxMSUyOSUyMDMyMzAtMDg5NSUzQyUyRnNwYW4lM0UlM0MlMkZwJTNF[\/vc_raw_html][\/vc_column][vc_column width=&#8221;1\/4&#8243;][vc_raw_html]JTNDcCUzRSUzQ3NwYW4lMjBzdHlsZSUzRCUyMmNvbG9yJTNBJTIwJTIzMDAzMzY2JTNCJTIyJTNFJTNDc3Ryb25nJTNFQnJhcyVDMyVBRGxpYSUzQyUyRnN0cm9uZyUzRSUzQyUyRnNwYW4lM0UlM0NiciUyMCUyRiUzRSUwQSUzQ3NwYW4lMjBzdHlsZSUzRCUyMmNvbG9yJTNBJTIwJTIzMzMzMzMzJTNCJTIyJTNFJTNDaSUyMGNsYXNzJTNEJTIyZmElMjBmYS1waG9uZSUyMiUyMGFyaWEtaGlkZGVuJTNEJTIydHJ1ZSUyMiUzRSUzQyUyRmklM0UlMjAlMjg2MSUyOSUyMDk2MTctNzg5MCUzQyUyRnNwYW4lM0UlM0MlMkZwJTNF[\/vc_raw_html][\/vc_column][vc_column width=&#8221;1\/4&#8243;][vc_raw_html]JTNDcCUzRSUzQ3NwYW4lMjBzdHlsZSUzRCUyMmNvbG9yJTNBJTIwJTIzMDAzMzY2JTNCJTIyJTNFJTNDc3Ryb25nJTNFUmlvJTIwZGUlMjBKYW5laXJvJTNDJTJGc3Ryb25nJTNFJTNDJTJGc3BhbiUzRSUzQ2JyJTIwJTJGJTNFJTBBJTNDc3BhbiUyMHN0eWxlJTNEJTIyY29sb3IlM0ElMjAlMjMzMzMzMzMlM0IlMjIlM0UlM0NpJTIwY2xhc3MlM0QlMjJmYSUyMGZhLXBob25lJTIyJTIwYXJpYS1oaWRkZW4lM0QlMjJ0cnVlJTIyJTNFJTNDJTJGaSUzRSUyMCUyODIxJTI5JTIwMjA0Mi0wMTI0JTNDJTJGc3BhbiUzRSUzQyUyRnAlM0U=[\/vc_raw_html][\/vc_column][vc_column width=&#8221;1\/4&#8243;][vc_raw_html]JTNDcCUzRSUzQ3NwYW4lMjBzdHlsZSUzRCUyMmNvbG9yJTNBJTIwJTIzMDAzMzY2JTNCJTIyJTNFJTNDc3Ryb25nJTNFUGFyYW4lQzMlQTElM0MlMkZzdHJvbmclM0UlM0MlMkZzcGFuJTNFJTNDYnIlMjAlMkYlM0UlMEElM0NzcGFuJTIwc3R5bGUlM0QlMjJjb2xvciUzQSUyMCUyMzMzMzMzMyUzQiUyMiUzRSUzQ2klMjBjbGFzcyUzRCUyMmZhJTIwZmEtcGhvbmUlMjIlMjBhcmlhLWhpZGRlbiUzRCUyMnRydWUlMjIlM0UlM0MlMkZpJTNFJTIwJTI4NDElMjklMjA0MDQyLTEzMjklM0MlMkZzcGFuJTNFJTNDJTJGcCUzRQ==[\/vc_raw_html][\/vc_column][\/vc_row][vc_row disable_element=&#8221;yes&#8221;][vc_column width=&#8221;1\/4&#8243;][vc_raw_html]JTNDcCUzRSUzQ3NwYW4lMjBzdHlsZSUzRCUyMmNvbG9yJTNBJTIwJTIzMDAzMzY2JTNCJTIyJTNFJTNDc3Ryb25nJTNFTWluYXMlMjBHZXJhaXMlM0MlMkZzdHJvbmclM0UlM0MlMkZzcGFuJTNFJTNDYnIlMjAlMkYlM0UlMEElM0NzcGFuJTIwc3R5bGUlM0QlMjJjb2xvciUzQSUyMCUyMzMzMzMzMyUzQiUyMiUzRSUzQ2klMjBjbGFzcyUzRCUyMmZhJTIwZmEtcGhvbmUlMjIlMjBhcmlhLWhpZGRlbiUzRCUyMnRydWUlMjIlM0UlM0MlMkZpJTNFJTIwJTI4MzElMjklMjA0MDQyLTk5MjAlM0MlMkZzcGFuJTNFJTNDJTJGcCUzRQ==[\/vc_raw_html][\/vc_column][vc_column width=&#8221;1\/4&#8243;][vc_raw_html]JTNDcCUzRSUzQ3NwYW4lMjBzdHlsZSUzRCUyMmNvbG9yJTNBJTIwJTIzMDAzMzY2JTNCJTIyJTNFJTNDc3Ryb25nJTNFR29pJUMzJUExcyUzQyUyRnN0cm9uZyUzRSUzQyUyRnNwYW4lM0UlM0NiciUyMCUyRiUzRSUwQSUzQ3NwYW4lMjBzdHlsZSUzRCUyMmNvbG9yJTNBJTIwJTIzMzMzMzMzJTNCJTIyJTNFJTNDaSUyMGNsYXNzJTNEJTIyZmElMjBmYS1waG9uZSUyMiUyMGFyaWEtaGlkZGVuJTNEJTIydHJ1ZSUyMiUzRSUzQyUyRmklM0UlMjAlMjg2MiUyOSUyMDMxNDItMDUzMyUzQyUyRnNwYW4lM0UlM0MlMkZwJTNF[\/vc_raw_html][\/vc_column][vc_column width=&#8221;1\/4&#8243;][vc_raw_html]JTNDcCUzRSUzQ3NwYW4lMjBzdHlsZSUzRCUyMmNvbG9yJTNBJTIwJTIzMDAzMzY2JTNCJTIyJTNFJTNDc3Ryb25nJTNFVVNBJTNDJTJGc3Ryb25nJTNFJTNDJTJGc3BhbiUzRSUzQ2JyJTIwJTJGJTNFJTBBJTNDc3BhbiUyMHN0eWxlJTNEJTIyY29sb3IlM0ElMjAlMjMzMzMzMzMlM0IlMjIlM0UlM0NpJTIwY2xhc3MlM0QlMjJmYSUyMGZhLXBob25lJTIyJTIwYXJpYS1oaWRkZW4lM0QlMjJ0cnVlJTIyJTNFJTNDJTJGaSUzRSUyMCUyQjElMjAlMjg1NjElMjklMjA1MjMtNTU3NSUzQyUyRnNwYW4lM0UlM0NiciUyMCUyRiUzRSUwQSUzQ3NwYW4lMjBzdHlsZSUzRCUyMmNvbG9yJTNBJTIwJTIzMzMzMzMzJTNCJTIyJTNFJTNDaSUyMGNsYXNzJTNEJTIyZmElMjBmYS1waG9uZSUyMiUyMGFyaWEtaGlkZGVuJTNEJTIydHJ1ZSUyMiUzRSUzQyUyRmklM0UlMjAlMkIxJTIwJTI4Nzc0JTI5JTIwMjM2LTk2NDQlM0MlMkZzcGFuJTNFJTNDJTJGcCUzRQ==[\/vc_raw_html][\/vc_column][vc_column width=&#8221;1\/4&#8243;][vc_raw_html]JTNDcCUzRSUzQ3NwYW4lMjBzdHlsZSUzRCUyMmNvbG9yJTNBJTIwJTIzMDAzMzY2JTNCJTIyJTNFJTNDc3Ryb25nJTNFRS1NQUlMJTNDJTJGc3Ryb25nJTNFJTNDJTJGc3BhbiUzRSUzQ2JyJTIwJTJGJTNFJTBBJTNDc3BhbiUyMHN0eWxlJTNEJTIyY29sb3IlM0ElMjAlMjMzMzMzMzMlM0IlMjIlM0UlM0NpJTIwY2xhc3MlM0QlMjJmYSUyMGZhLXBob25lJTIyJTIwYXJpYS1oaWRkZW4lM0QlMjJ0cnVlJTIyJTNFJTNDJTJGaSUzRSUyMGNvbnRhdG8lNDB0ZXJyZW5vc25hZmxvcmlkYS5jb20lM0MlMkZzcGFuJTNFJTNDJTJGcCUzRQ==[\/vc_raw_html][\/vc_column][\/vc_row][vc_row][vc_column][vc_empty_space][vc_text_separator title=&#8221;SEND US A MESSAGE&#8221; border_width=&#8221;2&#8243;][\/vc_column][\/vc_row][vc_row][vc_column][vc_column_text]<\/p>\n<h3 style=\"text-align: center;\"><span style=\"color: #000080;\">Fill in your basic contact information. <\/span><\/h3>\n<h3 style=\"text-align: center;\"><span style=\"color: #000080;\">We will contact you!<\/span><\/h3>\n<p>[\/vc_column_text][vc_column_text][supsystic-form id=22][\/vc_column_text][\/vc_column][\/vc_row][vc_row full_height=&#8221;yes&#8221; columns_placement=&#8221;top&#8221; equal_height=&#8221;yes&#8221; content_placement=&#8221;top&#8221;][vc_column][vc_separator style=&#8221;shadow&#8221;][vc_gmaps link=&#8221;#E-8_JTNDaWZyYW1lJTIwc3JjJTNEJTIyaHR0cHMlM0ElMkYlMkZ3d3cuZ29vZ2xlLmNvbSUyRm1hcHMlMkZlbWJlZCUzRnBiJTNEJTIxMW0xOCUyMTFtMTIlMjExbTMlMjExZDU3MDcwLjA1MzA1NTEzODM2JTIxMmQtODAuMDkzNzI4MTk2MDUwODUlMjEzZDI2LjYyMDM0Njg5Njg2NTkzMiUyMTJtMyUyMTFmMCUyMTJmMCUyMTNmMCUyMTNtMiUyMTFpMTAyNCUyMTJpNzY4JTIxNGYxMy4xJTIxM20zJTIxMW0yJTIxMXMweDg4ZDhkODMzOTZiZjQ1MTUlMjUzQTB4ODc0OTRiNDRiM2E4Yzc3YiUyMTJzTGFrZSUyQldvcnRoJTI1MkMlMkJGbCUyNUMzJTI1QjNyaWRhJTI1MkMlMkJFVUElMjE1ZTAlMjEzbTIlMjExc3B0LUJSJTIxMnNiciUyMTR2MTUxMTAwNzU3MTkyMSUyMiUyMHdpZHRoJTNEJTIyMTAwJTI1JTIyJTIwaGVpZ2h0JTNEJTIyNDUwJTIyJTIwZnJhbWVib3JkZXIlM0QlMjIwJTIyJTIwc3R5bGUlM0QlMjJib3JkZXIlM0EwJTIyJTIwYWxsb3dmdWxsc2NyZWVuJTNFJTNDJTJGaWZyYW1lJTNF&#8221; title=&#8221;Onde Estamos&#8221;][\/vc_column][\/vc_row]<\/p>\n","protected":false},"excerpt":{"rendered":"<p>[vc_row][vc_column][vc_text_separator title=&#8221;SPECIAL CONDITIONS FOR REPRESENTATIVES&#8221; border_width=&#8221;2&#8243;][vc_empty_space][vc_column_text] WE LOOK FOR REPRESENTATIVES WORLDWIDE! EXCELLENT COMMISSION [\/vc_column_text][\/vc_column][\/vc_row][vc_row disable_element=&#8221;yes&#8221;][vc_column][vc_text_separator title=&#8221;ENTRE EM CONTATO&#8221; border_width=&#8221;2&#8243;][\/vc_column][\/vc_row][vc_row disable_element=&#8221;yes&#8221;][vc_column width=&#8221;1\/4&#8243;][vc_raw_html]JTNDcCUzRSUzQ3NwYW4lMjBzdHlsZSUzRCUyMmNvbG9yJTNBJTIwJTIzMDAzMzY2JTNCJTIyJTNFJTNDc3Ryb25nJTNFUyVDMyVBM28lMjBQYXVsbyUzQyUyRnN0cm9uZyUzRSUzQyUyRnNwYW4lM0UlM0NiciUyMCUyRiUzRSUwQSUzQ3NwYW4lMjBzdHlsZSUzRCUyMmNvbG9yJTNBJTIwJTIzMzMzMzMzJTNCJTIyJTNFJTNDaSUyMGNsYXNzJTNEJTIyZmElMjBmYS1waG9uZSUyMiUyMGFyaWEtaGlkZGVuJTNEJTIydHJ1ZSUyMiUzRSUzQyUyRmklM0UlMjAlMjgxMSUyOSUyMDMyMzAtMDg5NSUzQyUyRnNwYW4lM0UlM0MlMkZwJTNF[\/vc_raw_html][\/vc_column][vc_column width=&#8221;1\/4&#8243;][vc_raw_html]JTNDcCUzRSUzQ3NwYW4lMjBzdHlsZSUzRCUyMmNvbG9yJTNBJTIwJTIzMDAzMzY2JTNCJTIyJTNFJTNDc3Ryb25nJTNFQnJhcyVDMyVBRGxpYSUzQyUyRnN0cm9uZyUzRSUzQyUyRnNwYW4lM0UlM0NiciUyMCUyRiUzRSUwQSUzQ3NwYW4lMjBzdHlsZSUzRCUyMmNvbG9yJTNBJTIwJTIzMzMzMzMzJTNCJTIyJTNFJTNDaSUyMGNsYXNzJTNEJTIyZmElMjBmYS1waG9uZSUyMiUyMGFyaWEtaGlkZGVuJTNEJTIydHJ1ZSUyMiUzRSUzQyUyRmklM0UlMjAlMjg2MSUyOSUyMDk2MTctNzg5MCUzQyUyRnNwYW4lM0UlM0MlMkZwJTNF[\/vc_raw_html][\/vc_column][vc_column width=&#8221;1\/4&#8243;][vc_raw_html]JTNDcCUzRSUzQ3NwYW4lMjBzdHlsZSUzRCUyMmNvbG9yJTNBJTIwJTIzMDAzMzY2JTNCJTIyJTNFJTNDc3Ryb25nJTNFUmlvJTIwZGUlMjBKYW5laXJvJTNDJTJGc3Ryb25nJTNFJTNDJTJGc3BhbiUzRSUzQ2JyJTIwJTJGJTNFJTBBJTNDc3BhbiUyMHN0eWxlJTNEJTIyY29sb3IlM0ElMjAlMjMzMzMzMzMlM0IlMjIlM0UlM0NpJTIwY2xhc3MlM0QlMjJmYSUyMGZhLXBob25lJTIyJTIwYXJpYS1oaWRkZW4lM0QlMjJ0cnVlJTIyJTNFJTNDJTJGaSUzRSUyMCUyODIxJTI5JTIwMjA0Mi0wMTI0JTNDJTJGc3BhbiUzRSUzQyUyRnAlM0U=[\/vc_raw_html][\/vc_column][vc_column width=&#8221;1\/4&#8243;][vc_raw_html]JTNDcCUzRSUzQ3NwYW4lMjBzdHlsZSUzRCUyMmNvbG9yJTNBJTIwJTIzMDAzMzY2JTNCJTIyJTNFJTNDc3Ryb25nJTNFUGFyYW4lQzMlQTElM0MlMkZzdHJvbmclM0UlM0MlMkZzcGFuJTNFJTNDYnIlMjAlMkYlM0UlMEElM0NzcGFuJTIwc3R5bGUlM0QlMjJjb2xvciUzQSUyMCUyMzMzMzMzMyUzQiUyMiUzRSUzQ2klMjBjbGFzcyUzRCUyMmZhJTIwZmEtcGhvbmUlMjIlMjBhcmlhLWhpZGRlbiUzRCUyMnRydWUlMjIlM0UlM0MlMkZpJTNFJTIwJTI4NDElMjklMjA0MDQyLTEzMjklM0MlMkZzcGFuJTNFJTNDJTJGcCUzRQ==[\/vc_raw_html][\/vc_column][\/vc_row][vc_row disable_element=&#8221;yes&#8221;][vc_column width=&#8221;1\/4&#8243;][vc_raw_html]JTNDcCUzRSUzQ3NwYW4lMjBzdHlsZSUzRCUyMmNvbG9yJTNBJTIwJTIzMDAzMzY2JTNCJTIyJTNFJTNDc3Ryb25nJTNFTWluYXMlMjBHZXJhaXMlM0MlMkZzdHJvbmclM0UlM0MlMkZzcGFuJTNFJTNDYnIlMjAlMkYlM0UlMEElM0NzcGFuJTIwc3R5bGUlM0QlMjJjb2xvciUzQSUyMCUyMzMzMzMzMyUzQiUyMiUzRSUzQ2klMjBjbGFzcyUzRCUyMmZhJTIwZmEtcGhvbmUlMjIlMjBhcmlhLWhpZGRlbiUzRCUyMnRydWUlMjIlM0UlM0MlMkZpJTNFJTIwJTI4MzElMjklMjA0MDQyLTk5MjAlM0MlMkZzcGFuJTNFJTNDJTJGcCUzRQ==[\/vc_raw_html][\/vc_column][vc_column width=&#8221;1\/4&#8243;][vc_raw_html]JTNDcCUzRSUzQ3NwYW4lMjBzdHlsZSUzRCUyMmNvbG9yJTNBJTIwJTIzMDAzMzY2JTNCJTIyJTNFJTNDc3Ryb25nJTNFR29pJUMzJUExcyUzQyUyRnN0cm9uZyUzRSUzQyUyRnNwYW4lM0UlM0NiciUyMCUyRiUzRSUwQSUzQ3NwYW4lMjBzdHlsZSUzRCUyMmNvbG9yJTNBJTIwJTIzMzMzMzMzJTNCJTIyJTNFJTNDaSUyMGNsYXNzJTNEJTIyZmElMjBmYS1waG9uZSUyMiUyMGFyaWEtaGlkZGVuJTNEJTIydHJ1ZSUyMiUzRSUzQyUyRmklM0UlMjAlMjg2MiUyOSUyMDMxNDItMDUzMyUzQyUyRnNwYW4lM0UlM0MlMkZwJTNF[\/vc_raw_html][\/vc_column][vc_column width=&#8221;1\/4&#8243;][vc_raw_html]JTNDcCUzRSUzQ3NwYW4lMjBzdHlsZSUzRCUyMmNvbG9yJTNBJTIwJTIzMDAzMzY2JTNCJTIyJTNFJTNDc3Ryb25nJTNFVVNBJTNDJTJGc3Ryb25nJTNFJTNDJTJGc3BhbiUzRSUzQ2JyJTIwJTJGJTNFJTBBJTNDc3BhbiUyMHN0eWxlJTNEJTIyY29sb3IlM0ElMjAlMjMzMzMzMzMlM0IlMjIlM0UlM0NpJTIwY2xhc3MlM0QlMjJmYSUyMGZhLXBob25lJTIyJTIwYXJpYS1oaWRkZW4lM0QlMjJ0cnVlJTIyJTNFJTNDJTJGaSUzRSUyMCUyQjElMjAlMjg1NjElMjklMjA1MjMtNTU3NSUzQyUyRnNwYW4lM0UlM0NiciUyMCUyRiUzRSUwQSUzQ3NwYW4lMjBzdHlsZSUzRCUyMmNvbG9yJTNBJTIwJTIzMzMzMzMzJTNCJTIyJTNFJTNDaSUyMGNsYXNzJTNEJTIyZmElMjBmYS1waG9uZSUyMiUyMGFyaWEtaGlkZGVuJTNEJTIydHJ1ZSUyMiUzRSUzQyUyRmklM0UlMjAlMkIxJTIwJTI4Nzc0JTI5JTIwMjM2LTk2NDQlM0MlMkZzcGFuJTNFJTNDJTJGcCUzRQ==[\/vc_raw_html][\/vc_column][vc_column width=&#8221;1\/4&#8243;][vc_raw_html]JTNDcCUzRSUzQ3NwYW4lMjBzdHlsZSUzRCUyMmNvbG9yJTNBJTIwJTIzMDAzMzY2JTNCJTIyJTNFJTNDc3Ryb25nJTNFRS1NQUlMJTNDJTJGc3Ryb25nJTNFJTNDJTJGc3BhbiUzRSUzQ2JyJTIwJTJGJTNFJTBBJTNDc3BhbiUyMHN0eWxlJTNEJTIyY29sb3IlM0ElMjAlMjMzMzMzMzMlM0IlMjIlM0UlM0NpJTIwY2xhc3MlM0QlMjJmYSUyMGZhLXBob25lJTIyJTIwYXJpYS1oaWRkZW4lM0QlMjJ0cnVlJTIyJTNFJTNDJTJGaSUzRSUyMGNvbnRhdG8lNDB0ZXJyZW5vc25hZmxvcmlkYS5jb20lM0MlMkZzcGFuJTNFJTNDJTJGcCUzRQ==[\/vc_raw_html][\/vc_column][\/vc_row][vc_row][vc_column][vc_empty_space][vc_text_separator title=&#8221;SEND US A MESSAGE&#8221; border_width=&#8221;2&#8243;][\/vc_column][\/vc_row][vc_row][vc_column][vc_column_text] Fill in your basic contact information. We will contact you! [\/vc_column_text][vc_column_text][supsystic-form id=22][\/vc_column_text][\/vc_column][\/vc_row][vc_row full_height=&#8221;yes&#8221; columns_placement=&#8221;top&#8221; equal_height=&#8221;yes&#8221; content_placement=&#8221;top&#8221;][vc_column][vc_separator style=&#8221;shadow&#8221;][vc_gmaps link=&#8221;#E-8_JTNDaWZyYW1lJTIwc3JjJTNEJTIyaHR0cHMlM0ElMkYlMkZ3d3cuZ29vZ2xlLmNvbSUyRm1hcHMlMkZlbWJlZCUzRnBiJTNEJTIxMW0xOCUyMTFtMTIlMjExbTMlMjExZDU3MDcwLjA1MzA1NTEzODM2JTIxMmQtODAuMDkzNzI4MTk2MDUwODUlMjEzZDI2LjYyMDM0Njg5Njg2NTkzMiUyMTJtMyUyMTFmMCUyMTJmMCUyMTNmMCUyMTNtMiUyMTFpMTAyNCUyMTJpNzY4JTIxNGYxMy4xJTIxM20zJTIxMW0yJTIxMXMweDg4ZDhkODMzOTZiZjQ1MTUlMjUzQTB4ODc0OTRiNDRiM2E4Yzc3YiUyMTJzTGFrZSUyQldvcnRoJTI1MkMlMkJGbCUyNUMzJTI1QjNyaWRhJTI1MkMlMkJFVUElMjE1ZTAlMjEzbTIlMjExc3B0LUJSJTIxMnNiciUyMTR2MTUxMTAwNzU3MTkyMSUyMiUyMHdpZHRoJTNEJTIyMTAwJTI1JTIyJTIwaGVpZ2h0JTNEJTIyNDUwJTIyJTIwZnJhbWVib3JkZXIlM0QlMjIwJTIyJTIwc3R5bGUlM0QlMjJib3JkZXIlM0EwJTIyJTIwYWxsb3dmdWxsc2NyZWVuJTNFJTNDJTJGaWZyYW1lJTNF&#8221; title=&#8221;Onde Estamos&#8221;][\/vc_column][\/vc_row]<\/p>\n","protected":false},"author":3,"featured_media":0,"parent":0,"menu_order":0,"comment_status":"closed","ping_status":"closed","template":"","meta":{"footnotes":""},"class_list":["post-11868","page","type-page","status-publish","hentry"],"yoast_head":"<!-- This site is optimized with the Yoast SEO plugin v27.3 - https:\/\/yoast.com\/product\/yoast-seo-wordpress\/ -->\n<title>BE A REPRESENTATIVE - TERRENOS NA FLORIDA<\/title>\n<meta name=\"description\" content=\"BE A REPRESENTATIVE | WE ARE LOOKING FOR REPRESENTATIVES IN THE WHOLE WORLD ... EXCELLENT COMMISSION ...\" \/>\n<meta name=\"robots\" content=\"index, follow, max-snippet:-1, max-image-preview:large, max-video-preview:-1\" \/>\n<link rel=\"canonical\" href=\"https:\/\/terrenosnaflorida.com\/en\/be-a-representative\/\" \/>\n<meta property=\"og:locale\" content=\"en_US\" \/>\n<meta property=\"og:type\" content=\"article\" \/>\n<meta property=\"og:title\" content=\"BE A REPRESENTATIVE - TERRENOS NA FLORIDA\" \/>\n<meta property=\"og:description\" content=\"BE A REPRESENTATIVE | WE ARE LOOKING FOR REPRESENTATIVES IN THE WHOLE WORLD ... EXCELLENT COMMISSION ...\" \/>\n<meta property=\"og:url\" content=\"https:\/\/terrenosnaflorida.com\/en\/be-a-representative\/\" \/>\n<meta property=\"og:site_name\" content=\"TERRENOS NA FLORIDA\" \/>\n<meta property=\"article:modified_time\" content=\"2018-07-17T16:35:37+00:00\" \/>\n<meta name=\"twitter:card\" content=\"summary_large_image\" \/>\n<meta name=\"twitter:label1\" content=\"Est. reading time\" \/>\n\t<meta name=\"twitter:data1\" content=\"3 minutes\" \/>\n<script type=\"application\/ld+json\" class=\"yoast-schema-graph\">{\"@context\":\"https:\\\/\\\/schema.org\",\"@graph\":[{\"@type\":\"WebPage\",\"@id\":\"https:\\\/\\\/terrenosnaflorida.com\\\/en\\\/be-a-representative\\\/\",\"url\":\"https:\\\/\\\/terrenosnaflorida.com\\\/en\\\/be-a-representative\\\/\",\"name\":\"BE A REPRESENTATIVE - TERRENOS NA FLORIDA\",\"isPartOf\":{\"@id\":\"https:\\\/\\\/terrenosnaflorida.com\\\/en\\\/#website\"},\"datePublished\":\"2018-01-29T18:01:13+00:00\",\"dateModified\":\"2018-07-17T16:35:37+00:00\",\"description\":\"BE A REPRESENTATIVE | WE ARE LOOKING FOR REPRESENTATIVES IN THE WHOLE WORLD ... EXCELLENT COMMISSION ...\",\"breadcrumb\":{\"@id\":\"https:\\\/\\\/terrenosnaflorida.com\\\/en\\\/be-a-representative\\\/#breadcrumb\"},\"inLanguage\":\"en-US\",\"potentialAction\":[{\"@type\":\"ReadAction\",\"target\":[\"https:\\\/\\\/terrenosnaflorida.com\\\/en\\\/be-a-representative\\\/\"]}]},{\"@type\":\"BreadcrumbList\",\"@id\":\"https:\\\/\\\/terrenosnaflorida.com\\\/en\\\/be-a-representative\\\/#breadcrumb\",\"itemListElement\":[{\"@type\":\"ListItem\",\"position\":1,\"name\":\"In\u00edcio\",\"item\":\"https:\\\/\\\/terrenosnaflorida.com\\\/en\\\/\"},{\"@type\":\"ListItem\",\"position\":2,\"name\":\"BE A REPRESENTATIVE\"}]},{\"@type\":\"WebSite\",\"@id\":\"https:\\\/\\\/terrenosnaflorida.com\\\/en\\\/#website\",\"url\":\"https:\\\/\\\/terrenosnaflorida.com\\\/en\\\/\",\"name\":\"TERRENOS NA FLORIDA\",\"description\":\"Im\u00f3veis &amp; Terreno \u00e0 venda em Fl\u00f3rida\",\"potentialAction\":[{\"@type\":\"SearchAction\",\"target\":{\"@type\":\"EntryPoint\",\"urlTemplate\":\"https:\\\/\\\/terrenosnaflorida.com\\\/en\\\/?s={search_term_string}\"},\"query-input\":{\"@type\":\"PropertyValueSpecification\",\"valueRequired\":true,\"valueName\":\"search_term_string\"}}],\"inLanguage\":\"en-US\"}]}<\/script>\n<!-- \/ Yoast SEO plugin. -->","yoast_head_json":{"title":"BE A REPRESENTATIVE - TERRENOS NA FLORIDA","description":"BE A REPRESENTATIVE | WE ARE LOOKING FOR REPRESENTATIVES IN THE WHOLE WORLD ... EXCELLENT COMMISSION ...","robots":{"index":"index","follow":"follow","max-snippet":"max-snippet:-1","max-image-preview":"max-image-preview:large","max-video-preview":"max-video-preview:-1"},"canonical":"https:\/\/terrenosnaflorida.com\/en\/be-a-representative\/","og_locale":"en_US","og_type":"article","og_title":"BE A REPRESENTATIVE - TERRENOS NA FLORIDA","og_description":"BE A REPRESENTATIVE | WE ARE LOOKING FOR REPRESENTATIVES IN THE WHOLE WORLD ... EXCELLENT COMMISSION ...","og_url":"https:\/\/terrenosnaflorida.com\/en\/be-a-representative\/","og_site_name":"TERRENOS NA FLORIDA","article_modified_time":"2018-07-17T16:35:37+00:00","twitter_card":"summary_large_image","twitter_misc":{"Est. reading time":"3 minutes"},"schema":{"@context":"https:\/\/schema.org","@graph":[{"@type":"WebPage","@id":"https:\/\/terrenosnaflorida.com\/en\/be-a-representative\/","url":"https:\/\/terrenosnaflorida.com\/en\/be-a-representative\/","name":"BE A REPRESENTATIVE - TERRENOS NA FLORIDA","isPartOf":{"@id":"https:\/\/terrenosnaflorida.com\/en\/#website"},"datePublished":"2018-01-29T18:01:13+00:00","dateModified":"2018-07-17T16:35:37+00:00","description":"BE A REPRESENTATIVE | WE ARE LOOKING FOR REPRESENTATIVES IN THE WHOLE WORLD ... EXCELLENT COMMISSION ...","breadcrumb":{"@id":"https:\/\/terrenosnaflorida.com\/en\/be-a-representative\/#breadcrumb"},"inLanguage":"en-US","potentialAction":[{"@type":"ReadAction","target":["https:\/\/terrenosnaflorida.com\/en\/be-a-representative\/"]}]},{"@type":"BreadcrumbList","@id":"https:\/\/terrenosnaflorida.com\/en\/be-a-representative\/#breadcrumb","itemListElement":[{"@type":"ListItem","position":1,"name":"In\u00edcio","item":"https:\/\/terrenosnaflorida.com\/en\/"},{"@type":"ListItem","position":2,"name":"BE A REPRESENTATIVE"}]},{"@type":"WebSite","@id":"https:\/\/terrenosnaflorida.com\/en\/#website","url":"https:\/\/terrenosnaflorida.com\/en\/","name":"TERRENOS NA FLORIDA","description":"Im\u00f3veis &amp; Terreno \u00e0 venda em Fl\u00f3rida","potentialAction":[{"@type":"SearchAction","target":{"@type":"EntryPoint","urlTemplate":"https:\/\/terrenosnaflorida.com\/en\/?s={search_term_string}"},"query-input":{"@type":"PropertyValueSpecification","valueRequired":true,"valueName":"search_term_string"}}],"inLanguage":"en-US"}]}},"_links":{"self":[{"href":"https:\/\/terrenosnaflorida.com\/en\/wp-json\/wp\/v2\/pages\/11868","targetHints":{"allow":["GET"]}}],"collection":[{"href":"https:\/\/terrenosnaflorida.com\/en\/wp-json\/wp\/v2\/pages"}],"about":[{"href":"https:\/\/terrenosnaflorida.com\/en\/wp-json\/wp\/v2\/types\/page"}],"author":[{"embeddable":true,"href":"https:\/\/terrenosnaflorida.com\/en\/wp-json\/wp\/v2\/users\/3"}],"replies":[{"embeddable":true,"href":"https:\/\/terrenosnaflorida.com\/en\/wp-json\/wp\/v2\/comments?post=11868"}],"version-history":[{"count":0,"href":"https:\/\/terrenosnaflorida.com\/en\/wp-json\/wp\/v2\/pages\/11868\/revisions"}],"wp:attachment":[{"href":"https:\/\/terrenosnaflorida.com\/en\/wp-json\/wp\/v2\/media?parent=11868"}],"curies":[{"name":"wp","href":"https:\/\/api.w.org\/{rel}","templated":true}]}}