{"id":11568,"date":"2018-07-16T15:35:29","date_gmt":"2018-07-16T18:35:29","guid":{"rendered":"http:\/\/sitenovo.terrenosnaflorida.com\/submit-property\/"},"modified":"2018-07-16T15:35:29","modified_gmt":"2018-07-16T18:35:29","slug":"submit-property","status":"publish","type":"page","link":"https:\/\/terrenosnaflorida.com\/en\/submit-property\/","title":{"rendered":"Submit Property"},"content":{"rendered":"","protected":false},"excerpt":{"rendered":"","protected":false},"author":3,"featured_media":0,"parent":0,"menu_order":0,"comment_status":"closed","ping_status":"closed","template":"templates\/submit-property.php","meta":{"footnotes":""},"class_list":["post-11568","page","type-page","status-publish","hentry"],"yoast_head":"<!-- This site is optimized with the Yoast SEO plugin v27.2 - https:\/\/yoast.com\/product\/yoast-seo-wordpress\/ -->\n<title>Submit Property - TERRENOS NA FLORIDA<\/title>\n<meta name=\"robots\" content=\"index, follow, max-snippet:-1, max-image-preview:large, max-video-preview:-1\" \/>\n<link rel=\"canonical\" href=\"https:\/\/terrenosnaflorida.com\/en\/submit-property\/\" \/>\n<meta property=\"og:locale\" content=\"en_US\" \/>\n<meta property=\"og:type\" content=\"article\" \/>\n<meta property=\"og:title\" content=\"Submit Property - TERRENOS NA FLORIDA\" \/>\n<meta property=\"og:url\" content=\"https:\/\/terrenosnaflorida.com\/en\/submit-property\/\" \/>\n<meta property=\"og:site_name\" content=\"TERRENOS NA FLORIDA\" \/>\n<meta name=\"twitter:card\" content=\"summary_large_image\" \/>\n<script type=\"application\/ld+json\" class=\"yoast-schema-graph\">{\"@context\":\"https:\/\/schema.org\",\"@graph\":[{\"@type\":\"WebPage\",\"@id\":\"https:\/\/terrenosnaflorida.com\/en\/submit-property\/\",\"url\":\"https:\/\/terrenosnaflorida.com\/en\/submit-property\/\",\"name\":\"Submit Property - TERRENOS NA FLORIDA\",\"isPartOf\":{\"@id\":\"https:\/\/terrenosnaflorida.com\/en\/#website\"},\"datePublished\":\"2018-07-16T18:35:29+00:00\",\"breadcrumb\":{\"@id\":\"https:\/\/terrenosnaflorida.com\/en\/submit-property\/#breadcrumb\"},\"inLanguage\":\"en-US\",\"potentialAction\":[{\"@type\":\"ReadAction\",\"target\":[\"https:\/\/terrenosnaflorida.com\/en\/submit-property\/\"]}]},{\"@type\":\"BreadcrumbList\",\"@id\":\"https:\/\/terrenosnaflorida.com\/en\/submit-property\/#breadcrumb\",\"itemListElement\":[{\"@type\":\"ListItem\",\"position\":1,\"name\":\"In\u00edcio\",\"item\":\"https:\/\/terrenosnaflorida.com\/en\/\"},{\"@type\":\"ListItem\",\"position\":2,\"name\":\"Submit Property\"}]},{\"@type\":\"WebSite\",\"@id\":\"https:\/\/terrenosnaflorida.com\/en\/#website\",\"url\":\"https:\/\/terrenosnaflorida.com\/en\/\",\"name\":\"TERRENOS NA FLORIDA\",\"description\":\"Im\u00f3veis &amp; Terreno \u00e0 venda em Fl\u00f3rida\",\"potentialAction\":[{\"@type\":\"SearchAction\",\"target\":{\"@type\":\"EntryPoint\",\"urlTemplate\":\"https:\/\/terrenosnaflorida.com\/en\/?s={search_term_string}\"},\"query-input\":{\"@type\":\"PropertyValueSpecification\",\"valueRequired\":true,\"valueName\":\"search_term_string\"}}],\"inLanguage\":\"en-US\"}]}<\/script>\n<!-- \/ Yoast SEO plugin. -->","yoast_head_json":{"title":"Submit Property - TERRENOS NA FLORIDA","robots":{"index":"index","follow":"follow","max-snippet":"max-snippet:-1","max-image-preview":"max-image-preview:large","max-video-preview":"max-video-preview:-1"},"canonical":"https:\/\/terrenosnaflorida.com\/en\/submit-property\/","og_locale":"en_US","og_type":"article","og_title":"Submit Property - TERRENOS NA FLORIDA","og_url":"https:\/\/terrenosnaflorida.com\/en\/submit-property\/","og_site_name":"TERRENOS NA FLORIDA","twitter_card":"summary_large_image","schema":{"@context":"https:\/\/schema.org","@graph":[{"@type":"WebPage","@id":"https:\/\/terrenosnaflorida.com\/en\/submit-property\/","url":"https:\/\/terrenosnaflorida.com\/en\/submit-property\/","name":"Submit Property - TERRENOS NA FLORIDA","isPartOf":{"@id":"https:\/\/terrenosnaflorida.com\/en\/#website"},"datePublished":"2018-07-16T18:35:29+00:00","breadcrumb":{"@id":"https:\/\/terrenosnaflorida.com\/en\/submit-property\/#breadcrumb"},"inLanguage":"en-US","potentialAction":[{"@type":"ReadAction","target":["https:\/\/terrenosnaflorida.com\/en\/submit-property\/"]}]},{"@type":"BreadcrumbList","@id":"https:\/\/terrenosnaflorida.com\/en\/submit-property\/#breadcrumb","itemListElement":[{"@type":"ListItem","position":1,"name":"In\u00edcio","item":"https:\/\/terrenosnaflorida.com\/en\/"},{"@type":"ListItem","position":2,"name":"Submit Property"}]},{"@type":"WebSite","@id":"https:\/\/terrenosnaflorida.com\/en\/#website","url":"https:\/\/terrenosnaflorida.com\/en\/","name":"TERRENOS NA FLORIDA","description":"Im\u00f3veis &amp; Terreno \u00e0 venda em Fl\u00f3rida","potentialAction":[{"@type":"SearchAction","target":{"@type":"EntryPoint","urlTemplate":"https:\/\/terrenosnaflorida.com\/en\/?s={search_term_string}"},"query-input":{"@type":"PropertyValueSpecification","valueRequired":true,"valueName":"search_term_string"}}],"inLanguage":"en-US"}]}},"_links":{"self":[{"href":"https:\/\/terrenosnaflorida.com\/en\/wp-json\/wp\/v2\/pages\/11568","targetHints":{"allow":["GET"]}}],"collection":[{"href":"https:\/\/terrenosnaflorida.com\/en\/wp-json\/wp\/v2\/pages"}],"about":[{"href":"https:\/\/terrenosnaflorida.com\/en\/wp-json\/wp\/v2\/types\/page"}],"author":[{"embeddable":true,"href":"https:\/\/terrenosnaflorida.com\/en\/wp-json\/wp\/v2\/users\/3"}],"replies":[{"embeddable":true,"href":"https:\/\/terrenosnaflorida.com\/en\/wp-json\/wp\/v2\/comments?post=11568"}],"version-history":[{"count":0,"href":"https:\/\/terrenosnaflorida.com\/en\/wp-json\/wp\/v2\/pages\/11568\/revisions"}],"wp:attachment":[{"href":"https:\/\/terrenosnaflorida.com\/en\/wp-json\/wp\/v2\/media?parent=11568"}],"curies":[{"name":"wp","href":"https:\/\/api.w.org\/{rel}","templated":true}]}}