{"id":11319,"date":"2018-07-16T14:05:15","date_gmt":"2018-07-16T17:05:15","guid":{"rendered":"http:\/\/sitenovo.terrenosnaflorida.com\/safe-buy\/"},"modified":"2018-08-01T08:05:31","modified_gmt":"2018-08-01T11:05:31","slug":"safe-buy","status":"publish","type":"page","link":"https:\/\/terrenosnaflorida.com\/en\/safe-buy\/","title":{"rendered":"Safe buy"},"content":{"rendered":"<p>[vc_row][vc_column][vc_column_text]<\/p>\n<h3><span style=\"color: #333333;\">It is very safe to buy properties here in the US, everything is done through the real estate registry office (Title Company).<\/span><\/h3>\n<h3><span style=\"color: #333333;\">The deed is 100% safe when forwarded to Title Company (Warranty Deed).<\/span><\/h3>\n<p>[\/vc_column_text][\/vc_column][\/vc_row]<\/p>\n","protected":false},"excerpt":{"rendered":"<p>[vc_row][vc_column][vc_column_text] It is very safe to buy properties here in the US, everything is done through the real estate registry office (Title Company). The deed is 100% safe when forwarded to Title Company (Warranty Deed). [\/vc_column_text][\/vc_column][\/vc_row]<\/p>\n","protected":false},"author":3,"featured_media":0,"parent":0,"menu_order":0,"comment_status":"closed","ping_status":"closed","template":"","meta":{"footnotes":""},"class_list":["post-11319","page","type-page","status-publish","hentry"],"yoast_head":"<!-- This site is optimized with the Yoast SEO plugin v27.3 - https:\/\/yoast.com\/product\/yoast-seo-wordpress\/ -->\n<title>Safe buy - How to buy land in florida - Orlando - Miami - Florida<\/title>\n<meta name=\"description\" content=\"It is very safe to buy properties here in the US, everything is done through the real estate registry office.The deed is 100% safe when forwarded...\" \/>\n<meta name=\"robots\" content=\"index, follow, max-snippet:-1, max-image-preview:large, max-video-preview:-1\" \/>\n<link rel=\"canonical\" href=\"https:\/\/terrenosnaflorida.com\/en\/safe-buy\/\" \/>\n<meta property=\"og:locale\" content=\"en_US\" \/>\n<meta property=\"og:type\" content=\"article\" \/>\n<meta property=\"og:title\" content=\"Safe buy - How to buy land in florida - Orlando - Miami - Florida\" \/>\n<meta property=\"og:description\" content=\"It is very safe to buy properties here in the US, everything is done through the real estate registry office.The deed is 100% safe when forwarded...\" \/>\n<meta property=\"og:url\" content=\"https:\/\/terrenosnaflorida.com\/en\/safe-buy\/\" \/>\n<meta property=\"og:site_name\" content=\"TERRENOS NA FLORIDA\" \/>\n<meta property=\"article:modified_time\" content=\"2018-08-01T11:05:31+00:00\" \/>\n<meta name=\"twitter:card\" content=\"summary_large_image\" \/>\n<script type=\"application\/ld+json\" class=\"yoast-schema-graph\">{\"@context\":\"https:\\\/\\\/schema.org\",\"@graph\":[{\"@type\":\"WebPage\",\"@id\":\"https:\\\/\\\/terrenosnaflorida.com\\\/en\\\/safe-buy\\\/\",\"url\":\"https:\\\/\\\/terrenosnaflorida.com\\\/en\\\/safe-buy\\\/\",\"name\":\"Safe buy - How to buy land in florida - Orlando - Miami - Florida\",\"isPartOf\":{\"@id\":\"https:\\\/\\\/terrenosnaflorida.com\\\/en\\\/#website\"},\"datePublished\":\"2018-07-16T17:05:15+00:00\",\"dateModified\":\"2018-08-01T11:05:31+00:00\",\"description\":\"It is very safe to buy properties here in the US, everything is done through the real estate registry office.The deed is 100% safe when forwarded...\",\"breadcrumb\":{\"@id\":\"https:\\\/\\\/terrenosnaflorida.com\\\/en\\\/safe-buy\\\/#breadcrumb\"},\"inLanguage\":\"en-US\",\"potentialAction\":[{\"@type\":\"ReadAction\",\"target\":[\"https:\\\/\\\/terrenosnaflorida.com\\\/en\\\/safe-buy\\\/\"]}]},{\"@type\":\"BreadcrumbList\",\"@id\":\"https:\\\/\\\/terrenosnaflorida.com\\\/en\\\/safe-buy\\\/#breadcrumb\",\"itemListElement\":[{\"@type\":\"ListItem\",\"position\":1,\"name\":\"In\u00edcio\",\"item\":\"https:\\\/\\\/terrenosnaflorida.com\\\/en\\\/\"},{\"@type\":\"ListItem\",\"position\":2,\"name\":\"Safe buy\"}]},{\"@type\":\"WebSite\",\"@id\":\"https:\\\/\\\/terrenosnaflorida.com\\\/en\\\/#website\",\"url\":\"https:\\\/\\\/terrenosnaflorida.com\\\/en\\\/\",\"name\":\"TERRENOS NA FLORIDA\",\"description\":\"Im\u00f3veis &amp; Terreno \u00e0 venda em Fl\u00f3rida\",\"potentialAction\":[{\"@type\":\"SearchAction\",\"target\":{\"@type\":\"EntryPoint\",\"urlTemplate\":\"https:\\\/\\\/terrenosnaflorida.com\\\/en\\\/?s={search_term_string}\"},\"query-input\":{\"@type\":\"PropertyValueSpecification\",\"valueRequired\":true,\"valueName\":\"search_term_string\"}}],\"inLanguage\":\"en-US\"}]}<\/script>\n<!-- \/ Yoast SEO plugin. -->","yoast_head_json":{"title":"Safe buy - How to buy land in florida - Orlando - Miami - Florida","description":"It is very safe to buy properties here in the US, everything is done through the real estate registry office.The deed is 100% safe when forwarded...","robots":{"index":"index","follow":"follow","max-snippet":"max-snippet:-1","max-image-preview":"max-image-preview:large","max-video-preview":"max-video-preview:-1"},"canonical":"https:\/\/terrenosnaflorida.com\/en\/safe-buy\/","og_locale":"en_US","og_type":"article","og_title":"Safe buy - How to buy land in florida - Orlando - Miami - Florida","og_description":"It is very safe to buy properties here in the US, everything is done through the real estate registry office.The deed is 100% safe when forwarded...","og_url":"https:\/\/terrenosnaflorida.com\/en\/safe-buy\/","og_site_name":"TERRENOS NA FLORIDA","article_modified_time":"2018-08-01T11:05:31+00:00","twitter_card":"summary_large_image","schema":{"@context":"https:\/\/schema.org","@graph":[{"@type":"WebPage","@id":"https:\/\/terrenosnaflorida.com\/en\/safe-buy\/","url":"https:\/\/terrenosnaflorida.com\/en\/safe-buy\/","name":"Safe buy - How to buy land in florida - Orlando - Miami - Florida","isPartOf":{"@id":"https:\/\/terrenosnaflorida.com\/en\/#website"},"datePublished":"2018-07-16T17:05:15+00:00","dateModified":"2018-08-01T11:05:31+00:00","description":"It is very safe to buy properties here in the US, everything is done through the real estate registry office.The deed is 100% safe when forwarded...","breadcrumb":{"@id":"https:\/\/terrenosnaflorida.com\/en\/safe-buy\/#breadcrumb"},"inLanguage":"en-US","potentialAction":[{"@type":"ReadAction","target":["https:\/\/terrenosnaflorida.com\/en\/safe-buy\/"]}]},{"@type":"BreadcrumbList","@id":"https:\/\/terrenosnaflorida.com\/en\/safe-buy\/#breadcrumb","itemListElement":[{"@type":"ListItem","position":1,"name":"In\u00edcio","item":"https:\/\/terrenosnaflorida.com\/en\/"},{"@type":"ListItem","position":2,"name":"Safe buy"}]},{"@type":"WebSite","@id":"https:\/\/terrenosnaflorida.com\/en\/#website","url":"https:\/\/terrenosnaflorida.com\/en\/","name":"TERRENOS NA FLORIDA","description":"Im\u00f3veis &amp; Terreno \u00e0 venda em Fl\u00f3rida","potentialAction":[{"@type":"SearchAction","target":{"@type":"EntryPoint","urlTemplate":"https:\/\/terrenosnaflorida.com\/en\/?s={search_term_string}"},"query-input":{"@type":"PropertyValueSpecification","valueRequired":true,"valueName":"search_term_string"}}],"inLanguage":"en-US"}]}},"_links":{"self":[{"href":"https:\/\/terrenosnaflorida.com\/en\/wp-json\/wp\/v2\/pages\/11319","targetHints":{"allow":["GET"]}}],"collection":[{"href":"https:\/\/terrenosnaflorida.com\/en\/wp-json\/wp\/v2\/pages"}],"about":[{"href":"https:\/\/terrenosnaflorida.com\/en\/wp-json\/wp\/v2\/types\/page"}],"author":[{"embeddable":true,"href":"https:\/\/terrenosnaflorida.com\/en\/wp-json\/wp\/v2\/users\/3"}],"replies":[{"embeddable":true,"href":"https:\/\/terrenosnaflorida.com\/en\/wp-json\/wp\/v2\/comments?post=11319"}],"version-history":[{"count":0,"href":"https:\/\/terrenosnaflorida.com\/en\/wp-json\/wp\/v2\/pages\/11319\/revisions"}],"wp:attachment":[{"href":"https:\/\/terrenosnaflorida.com\/en\/wp-json\/wp\/v2\/media?parent=11319"}],"curies":[{"name":"wp","href":"https:\/\/api.w.org\/{rel}","templated":true}]}}